{"id":831,"date":"2017-06-23T16:11:07","date_gmt":"2017-06-23T14:11:07","guid":{"rendered":"http:\/\/nfg24.de\/w_press\/?page_id=831"},"modified":"2017-10-14T19:06:44","modified_gmt":"2017-10-14T17:06:44","slug":"pommersches-landesmuseum","status":"publish","type":"page","link":"https:\/\/nfg24.de\/w_press\/schulleben\/exkursionen\/pommersches-landesmuseum\/","title":{"rendered":"Pommersches Landesmuseum"},"content":{"rendered":"<p style=\"text-align: justify;\">Der Besuch im Pommerschen Landesmuseum erweitert die Besch\u00e4ftigung mit der Kunst des 19. Jahrhunderts, die in der 10. Jahrgangsstufe Schwerpunkt des schulinternen Curriculums ist, um eine wichtige M\u00f6glichkeit: die Begegnung mit regionaler und Weltkunst im Original anhand einer bedeutenden Sammlung, die in Greifswald in einem herausragenden Museumsneubau pr\u00e4sentiert wird. Das eigene k\u00fcnstlerische Arbeiten vor den Originalen erm\u00f6glicht eine besondere Qualit\u00e4t in der rezeptiven und produktiven Aneignung von Kunstwerken. Mit unserer kulturellen Tradition vertraut zu sein, ist wichtige Voraussetzung f\u00fcr kulturelle Bildung, die in vielen Bereichen zu den unverzichtbaren Kompetenzen geh\u00f6rt.<\/p>\n<div id=\"metaslider-id-837\" style=\"max-width: 800px;\" class=\"ml-slider-3-108-0 metaslider metaslider-flex metaslider-837 ml-slider has-dots-nav ms-theme-default\" role=\"region\" aria-label=\"PommerschesLandesmuseum\" data-height=\"600\" data-width=\"800\">\n    <div id=\"metaslider_container_837\">\n        <div id=\"metaslider_837\" class=\"flexslider\">\n            <ul class='slides'>\n                <li style=\"display: block; width: 100%;\" class=\"slide-843 ms-image \" aria-roledescription=\"slide\" data-date=\"2017-06-23 16:44:08\" data-filename=\"plm-1.jpg\" data-slide-type=\"image\"><img loading=\"lazy\" decoding=\"async\" src=\"https:\/\/nfg24.de\/w_press\/wp-content\/uploads\/2017\/06\/plm-1.jpg\" height=\"600\" width=\"800\" alt=\"\" class=\"slider-837 slide-843 msDefaultImage\" \/><\/li>\n                <li style=\"display: none; width: 100%;\" class=\"slide-844 ms-image \" aria-roledescription=\"slide\" data-date=\"2017-06-23 16:44:08\" data-filename=\"plm-2.jpg\" data-slide-type=\"image\"><img loading=\"lazy\" decoding=\"async\" src=\"https:\/\/nfg24.de\/w_press\/wp-content\/uploads\/2017\/06\/plm-2.jpg\" height=\"600\" width=\"800\" alt=\"\" class=\"slider-837 slide-844 msDefaultImage\" \/><\/li>\n                <li style=\"display: none; width: 100%;\" class=\"slide-845 ms-image \" aria-roledescription=\"slide\" data-date=\"2017-06-23 16:44:08\" data-filename=\"plm-3.jpg\" data-slide-type=\"image\"><img loading=\"lazy\" decoding=\"async\" src=\"https:\/\/nfg24.de\/w_press\/wp-content\/uploads\/2017\/06\/plm-3.jpg\" height=\"600\" width=\"800\" alt=\"\" class=\"slider-837 slide-845 msDefaultImage\" \/><\/li>\n                <li style=\"display: none; width: 100%;\" class=\"slide-846 ms-image \" aria-roledescription=\"slide\" data-date=\"2017-06-23 16:44:08\" data-filename=\"plm-4.jpg\" data-slide-type=\"image\"><img loading=\"lazy\" decoding=\"async\" src=\"https:\/\/nfg24.de\/w_press\/wp-content\/uploads\/2017\/06\/plm-4.jpg\" height=\"600\" width=\"800\" alt=\"\" class=\"slider-837 slide-846 msDefaultImage\" \/><\/li>\n                <li style=\"display: none; width: 100%;\" class=\"slide-847 ms-image \" aria-roledescription=\"slide\" data-date=\"2017-06-23 16:44:08\" data-filename=\"plm-5.jpg\" data-slide-type=\"image\"><img loading=\"lazy\" decoding=\"async\" src=\"https:\/\/nfg24.de\/w_press\/wp-content\/uploads\/2017\/06\/plm-5.jpg\" height=\"600\" width=\"800\" alt=\"\" class=\"slider-837 slide-847 msDefaultImage\" \/><\/li>\n            <\/ul>\n        <\/div>\n        \n    <\/div>\n<\/div>\n","protected":false},"excerpt":{"rendered":"<p>Der Besuch im Pommerschen Landesmuseum erweitert die Besch\u00e4ftigung mit der Kunst des 19. Jahrhunderts, die in der 10. Jahrgangsstufe Schwerpunkt des schulinternen Curriculums ist, um eine wichtige M\u00f6glichkeit: die Begegnung mit regionaler und Weltkunst im &hellip; <a href=\"https:\/\/nfg24.de\/w_press\/schulleben\/exkursionen\/pommersches-landesmuseum\/\">Weiterlesen<\/a><\/p>\n","protected":false},"author":1,"featured_media":0,"parent":16,"menu_order":0,"comment_status":"closed","ping_status":"closed","template":"fullwidth.php","meta":{"footnotes":""},"class_list":["post-831","page","type-page","status-publish","hentry"],"_links":{"self":[{"href":"https:\/\/nfg24.de\/w_press\/wp-json\/wp\/v2\/pages\/831","targetHints":{"allow":["GET"]}}],"collection":[{"href":"https:\/\/nfg24.de\/w_press\/wp-json\/wp\/v2\/pages"}],"about":[{"href":"https:\/\/nfg24.de\/w_press\/wp-json\/wp\/v2\/types\/page"}],"author":[{"embeddable":true,"href":"https:\/\/nfg24.de\/w_press\/wp-json\/wp\/v2\/users\/1"}],"replies":[{"embeddable":true,"href":"https:\/\/nfg24.de\/w_press\/wp-json\/wp\/v2\/comments?post=831"}],"version-history":[{"count":5,"href":"https:\/\/nfg24.de\/w_press\/wp-json\/wp\/v2\/pages\/831\/revisions"}],"predecessor-version":[{"id":1236,"href":"https:\/\/nfg24.de\/w_press\/wp-json\/wp\/v2\/pages\/831\/revisions\/1236"}],"up":[{"embeddable":true,"href":"https:\/\/nfg24.de\/w_press\/wp-json\/wp\/v2\/pages\/16"}],"wp:attachment":[{"href":"https:\/\/nfg24.de\/w_press\/wp-json\/wp\/v2\/media?parent=831"}],"curies":[{"name":"wp","href":"https:\/\/api.w.org\/{rel}","templated":true}]}}