{"id":799,"date":"2017-06-23T08:18:30","date_gmt":"2017-06-23T06:18:30","guid":{"rendered":"http:\/\/nfg24.de\/w_press\/?page_id=799"},"modified":"2017-10-14T19:14:55","modified_gmt":"2017-10-14T17:14:55","slug":"nordmetall-roboterwettbewerb","status":"publish","type":"page","link":"https:\/\/nfg24.de\/w_press\/schulleben\/wettbewerbe\/nordmetall-roboterwettbewerb\/","title":{"rendered":"Nordmetall-Roboterwettbewerb"},"content":{"rendered":"<p style=\"text-align: justify;\">In diesem Jahr galt es f\u00fcr die Teams ein Fahrzeug zu bauen, das m\u00f6glichst schnell eine vorgegebene Strecke mit verschiedenen Hindernissen abf\u00e4hrt.<br \/>\nNach ca. 8 Monaten Vorbereitungszeit war die Spannung gro\u00df. W\u00fcrden die Roboter im Wettbewerb das Ziel erreichen? In vielen Trainingsversuchen arbeiteten die Teams an den Programmen und korrigierten Fehler, so dass sich die Erfolgsrate verbesserte. Gespannt waren alle, wie sie im Vergleich mit den Teams aus anderen Schulen abschneiden.<br \/>\nIn Hasenwinkel trafen sich am 21. Juni 2017 24 Teams aus 12 Schulen. Nach zwei Testl\u00e4ufen gab es drei Wertungsdurchg\u00e4nge. Da in den Testl\u00e4ufen nur eine Fahrt unserer Roboter erfolgreich verlief, galt es vor den Wertungsdurchg\u00e4ngen, schnell entsprechende Ver\u00e4nderungen in den Programmen vorzunehmen.<\/p>\n<div id=\"metaslider-id-813\" style=\"max-width: 800px; margin: 0 auto;\" class=\"ml-slider-3-108-0 metaslider metaslider-flex metaslider-813 ml-slider has-dots-nav ms-theme-default\" role=\"region\" aria-label=\"Hasenwinkel-17\" data-height=\"600\" data-width=\"800\">\n    <div id=\"metaslider_container_813\">\n        <div id=\"metaslider_813\" class=\"flexslider\">\n            <ul class='slides'>\n                <li style=\"display: block; width: 100%;\" class=\"slide-818 ms-image \" aria-roledescription=\"slide\" data-date=\"2017-06-23 08:50:14\" data-filename=\"hasenwinkel17-1.jpg\" data-slide-type=\"image\"><img loading=\"lazy\" decoding=\"async\" src=\"https:\/\/nfg24.de\/w_press\/wp-content\/uploads\/2017\/06\/hasenwinkel17-1.jpg\" height=\"600\" width=\"800\" alt=\"\" class=\"slider-813 slide-818 msDefaultImage\" \/><\/li>\n                <li style=\"display: none; width: 100%;\" class=\"slide-819 ms-image \" aria-roledescription=\"slide\" data-date=\"2017-06-23 08:50:14\" data-filename=\"hasenwinkel17-2.jpg\" data-slide-type=\"image\"><img loading=\"lazy\" decoding=\"async\" src=\"https:\/\/nfg24.de\/w_press\/wp-content\/uploads\/2017\/06\/hasenwinkel17-2.jpg\" height=\"600\" width=\"800\" alt=\"\" class=\"slider-813 slide-819 msDefaultImage\" \/><\/li>\n                <li style=\"display: none; width: 100%;\" class=\"slide-820 ms-image \" aria-roledescription=\"slide\" data-date=\"2017-06-23 08:50:14\" data-filename=\"hasenwinkel17-3.jpg\" data-slide-type=\"image\"><img loading=\"lazy\" decoding=\"async\" src=\"https:\/\/nfg24.de\/w_press\/wp-content\/uploads\/2017\/06\/hasenwinkel17-3.jpg\" height=\"600\" width=\"800\" alt=\"\" class=\"slider-813 slide-820 msDefaultImage\" \/><\/li>\n                <li style=\"display: none; width: 100%;\" class=\"slide-821 ms-image \" aria-roledescription=\"slide\" data-date=\"2017-06-23 08:50:14\" data-filename=\"hasenwinkel17-4.jpg\" data-slide-type=\"image\"><img loading=\"lazy\" decoding=\"async\" src=\"https:\/\/nfg24.de\/w_press\/wp-content\/uploads\/2017\/06\/hasenwinkel17-4.jpg\" height=\"600\" width=\"800\" alt=\"\" class=\"slider-813 slide-821 msDefaultImage\" \/><\/li>\n            <\/ul>\n        <\/div>\n        \n    <\/div>\n<\/div>\n<p style=\"text-align: justify;\">Der Roboter von Julian und Gustav, die als Team &#8222;Smileys&#8220; starteten, konnte im zweiten Wertungslauf das ersehnte Ziel erreichen. Mit der Zeit von 24,7 Sekunden belegten sie am Ende einen gro\u00dfartigen zweiten Platz. Herzlichen Gl\u00fcckwunsch!<\/p>\n<p>(<a href=\"http:\/\/www.bildungswerk-wirtschaft.de\/de\/verein\/aktuelles\/ansicht\/d\/7_nordmetall_roboter_wettbewerb\">alle Ergebnisse<\/a> Bildungswerk der Wirtschaft MV e.V.)<\/p>\n<div style=\"width: 480px;\" class=\"wp-video\"><video class=\"wp-video-shortcode\" id=\"video-799-1\" width=\"480\" height=\"272\" preload=\"auto\" controls=\"controls\"><source type=\"video\/mp4\" src=\"http:\/\/nfg24.de\/w_press\/wp-content\/uploads\/2017\/06\/hasenwinkel-17.mp4?_=1\" \/><a href=\"http:\/\/nfg24.de\/w_press\/wp-content\/uploads\/2017\/06\/hasenwinkel-17.mp4\">http:\/\/nfg24.de\/w_press\/wp-content\/uploads\/2017\/06\/hasenwinkel-17.mp4<\/a><\/video><\/div>\n","protected":false},"excerpt":{"rendered":"<p>In diesem Jahr galt es f\u00fcr die Teams ein Fahrzeug zu bauen, das m\u00f6glichst schnell eine vorgegebene Strecke mit verschiedenen Hindernissen abf\u00e4hrt. Nach ca. 8 Monaten Vorbereitungszeit war die Spannung gro\u00df. W\u00fcrden die Roboter im &hellip; <a href=\"https:\/\/nfg24.de\/w_press\/schulleben\/wettbewerbe\/nordmetall-roboterwettbewerb\/\">Weiterlesen<\/a><\/p>\n","protected":false},"author":1,"featured_media":0,"parent":18,"menu_order":0,"comment_status":"closed","ping_status":"closed","template":"fullwidth.php","meta":{"footnotes":""},"class_list":["post-799","page","type-page","status-publish","hentry"],"_links":{"self":[{"href":"https:\/\/nfg24.de\/w_press\/wp-json\/wp\/v2\/pages\/799","targetHints":{"allow":["GET"]}}],"collection":[{"href":"https:\/\/nfg24.de\/w_press\/wp-json\/wp\/v2\/pages"}],"about":[{"href":"https:\/\/nfg24.de\/w_press\/wp-json\/wp\/v2\/types\/page"}],"author":[{"embeddable":true,"href":"https:\/\/nfg24.de\/w_press\/wp-json\/wp\/v2\/users\/1"}],"replies":[{"embeddable":true,"href":"https:\/\/nfg24.de\/w_press\/wp-json\/wp\/v2\/comments?post=799"}],"version-history":[{"count":15,"href":"https:\/\/nfg24.de\/w_press\/wp-json\/wp\/v2\/pages\/799\/revisions"}],"predecessor-version":[{"id":1246,"href":"https:\/\/nfg24.de\/w_press\/wp-json\/wp\/v2\/pages\/799\/revisions\/1246"}],"up":[{"embeddable":true,"href":"https:\/\/nfg24.de\/w_press\/wp-json\/wp\/v2\/pages\/18"}],"wp:attachment":[{"href":"https:\/\/nfg24.de\/w_press\/wp-json\/wp\/v2\/media?parent=799"}],"curies":[{"name":"wp","href":"https:\/\/api.w.org\/{rel}","templated":true}]}}