{"id":744,"date":"2017-06-15T13:08:46","date_gmt":"2017-06-15T11:08:46","guid":{"rendered":"http:\/\/nfg24.de\/w_press\/?page_id=744"},"modified":"2018-01-29T12:41:44","modified_gmt":"2018-01-29T11:41:44","slug":"erasmus","status":"publish","type":"page","link":"https:\/\/nfg24.de\/w_press\/schulleben\/international\/erasmus\/","title":{"rendered":"Erasmus+ Projekt &#8222;From Robots to Robotics&#8220;"},"content":{"rendered":"<p>Neben bew\u00e4hrten Partnerschaften betritt die nfg auch neue Pfade. Seit 2016 nehmen Sch\u00fclerInnen der Klassenstufen 8 und 9 an einer zweij\u00e4hrigen strategischen Schulpartnerschaft teil. Diese beinhaltet zum einen den Besuch der drei Partnerschulen in Frydlant nad Ostravici (Tschechien), Pola de Sierro (Spanien) und Toulouse (Frankreich). Vor Ort und auch im Unterricht wird sich mit speziellen Aufgaben zum Thema \u201cFrom Robots to Robotics\u201d auseinandergesetzt. Workshops zur Programmierung, dem 3D-Druck und passender literarischer Texte geh\u00f6ren dort ebenso dazu wie Exkursionen zu Firmen, die neueste automatisierte Technik einsetzen.<\/p>\n<h3>Workshop in Frydlandt Nad Ostravici<\/h3>\n<p>(April 2017)<\/p>\n<div id=\"metaslider-id-791\" style=\"max-width: 500px; margin: 0 auto;\" class=\"ml-slider-3-108-0 metaslider metaslider-flex metaslider-791 ml-slider has-dots-nav ms-theme-default\" role=\"region\" aria-label=\"Erasmus FnO\" data-height=\"500\" data-width=\"500\">\n    <div id=\"metaslider_container_791\">\n        <div id=\"metaslider_791\" class=\"flexslider\">\n            <ul class='slides'>\n                <li style=\"display: block; width: 100%;\" class=\"slide-792 ms-image \" aria-roledescription=\"slide\" data-date=\"2017-06-22 21:24:20\" data-filename=\"mo1-500x500.png\" data-slide-type=\"image\"><img loading=\"lazy\" decoding=\"async\" src=\"https:\/\/nfg24.de\/w_press\/wp-content\/uploads\/2017\/06\/mo1-500x500.png\" height=\"500\" width=\"500\" alt=\"\" class=\"slider-791 slide-792 msDefaultImage\" \/><\/li>\n                <li style=\"display: none; width: 100%;\" class=\"slide-793 ms-image \" aria-roledescription=\"slide\" data-date=\"2017-06-22 21:24:20\" data-filename=\"mi2-500x500.png\" data-slide-type=\"image\"><img loading=\"lazy\" decoding=\"async\" src=\"https:\/\/nfg24.de\/w_press\/wp-content\/uploads\/2017\/06\/mi2-500x500.png\" height=\"500\" width=\"500\" alt=\"\" class=\"slider-791 slide-793 msDefaultImage\" \/><\/li>\n                <li style=\"display: none; width: 100%;\" class=\"slide-794 ms-image \" aria-roledescription=\"slide\" data-date=\"2017-06-22 21:24:20\" data-filename=\"fr1-500x500.png\" data-slide-type=\"image\"><img loading=\"lazy\" decoding=\"async\" src=\"https:\/\/nfg24.de\/w_press\/wp-content\/uploads\/2017\/06\/fr1-500x500.png\" height=\"500\" width=\"500\" alt=\"\" class=\"slider-791 slide-794 msDefaultImage\" \/><\/li>\n                <li style=\"display: none; width: 100%;\" class=\"slide-795 ms-image \" aria-roledescription=\"slide\" data-date=\"2017-06-22 21:24:20\" data-filename=\"di1-500x500.png\" data-slide-type=\"image\"><img loading=\"lazy\" decoding=\"async\" src=\"https:\/\/nfg24.de\/w_press\/wp-content\/uploads\/2017\/06\/di1-500x500.png\" height=\"500\" width=\"500\" alt=\"\" class=\"slider-791 slide-795 msDefaultImage\" \/><\/li>\n            <\/ul>\n        <\/div>\n        \n    <\/div>\n<\/div>\n<p style=\"text-align: justify;\">Das erste Treffen im Rahmen des Projekts fand in der Woche vom 24.4.17 bis 29.4.17 in unserer Partnerschule in Frydlant nad Ostravici statt. Sch\u00fcler aus Tschechien, Spanien, Frankreich und der nfg trafen sich, um in verschiedenen Workshops Roboter zu bauen und zu programmieren. Interessant waren die Exkursionen in die Umgebung Frydlants, die Uni Ostrava oder zur Firma Tawesco, wo wir Roboter im Einsatz erleben konnten. Nicht vergessen werden wir die Gastfreundschaft, mit der wir aufgenommen wurden, und viele lustige Wetk\u00e4mpfe, ob im Roboter-Sumo, Badminton oder Bowling. Alle Teilnehmer freuen sich auf ein Wiedersehen in Spanien im November 2017 &#8230;.<\/p>\n<p><span style=\"color: #333333;\">Roboter-Sumo in Ostrava<\/span><\/p>\n<div style=\"width: 640px;\" class=\"wp-video\"><video class=\"wp-video-shortcode\" id=\"video-744-1\" width=\"640\" height=\"360\" preload=\"metadata\" controls=\"controls\"><source type=\"video\/mp4\" src=\"http:\/\/www.nfg24.de\/neu\/news\/news16-17\/legosumo.mp4?_=1\" \/><a href=\"http:\/\/www.nfg24.de\/neu\/news\/news16-17\/legosumo.mp4\">http:\/\/www.nfg24.de\/neu\/news\/news16-17\/legosumo.mp4<\/a><\/video><\/div>\n<p>Entscheidungskampf im Roboter-Sumo mit dem Sieg f\u00fcr das Team von Mattias (als Konstrukteur) und Claudia aus Spanien (als Fahrerin):<\/p>\n<h3>Auftaktmeeting an der nfg<\/h3>\n<p><span style=\"color: #333333;\">(Dezember 2016)<\/span><\/p>\n<p><img decoding=\"async\" src=\"http:\/\/www.nfg24.de\/neu\/news\/news16-17\/ro2ro2016.png\" alt=\"Grafik\" \/><\/p>\n<p style=\"text-align: justify;\">Anfang Dezember 2016 begann an unserer Schule das internationale Projekt \u201cFROM ROBOTS TO ROBOTICS\u201d. Diese Kooperation zwischen der nfg und Schulen aus Tschechien<a style=\"color: #333333;\" href=\"http:\/\/www.gymfrydl.cz\/\" target=\"_blank\" rel=\"noopener noreferrer\">\u279a<\/a>, Spanien<a style=\"color: #333333;\" href=\"http:\/\/www.iesescultorjuandevillanueva.es\/\" target=\"_blank\" rel=\"noopener noreferrer\">\u279a<\/a> und Frankreich<a style=\"color: #333333;\" href=\"http:\/\/toulouse-lautrec.entmip.fr\/\" target=\"_blank\" rel=\"noopener noreferrer\">\u279a<\/a>wird gef\u00f6rdert durch das EU-Programm Erasmus+<a style=\"color: #333333;\" href=\"http:\/\/www.erasmusplus.de\/\" target=\"_blank\" rel=\"noopener noreferrer\">\u279a<\/a>. Ausgew\u00e4hlte Sch\u00fcler der 9. und 10. Klassen aus allen Schulen arbeiten an dem Thema. Sie entwickeln in den kommenden 2 Jahren gemeinsam Kurzgeschichten und Bilder sowie funktionsf\u00e4hige Robotermodelle. In Friedland erfolgte die Planung des Projekts durch jeweils 2 Lehrer von jeder Schule. Bei einem Besuch im <a href=\"http:\/\/www.kickmetoscience.uni-rostock.de\/\" target=\"_blank\" rel=\"noopener noreferrer\">Spurtlabor an der Universit\u00e4t Rostock<\/a><span style=\"color: #333333;\"> wurde das abschlie\u00dfende Treffen der Sch\u00fcler aller Schulen im Herbst 2018 in Friedland vorbereitet. Wir werden hier \u00fcber weitere Aktivit\u00e4ten im Projekt berichten &#8230; .<\/span><\/p>\n<h3>project goals<\/h3>\n<p><span style=\"color: #333333;\">&#8211; The Erasmus+ project will last two years, so the eTwinning project will be the project jounal for dissemination purposes. Before the first mobility there will be activities on the Twinspace to get to know each other and prepare the context for the following project work.<\/span><br \/>\n<span style=\"color: #333333;\">&#8211; Students read two science-fiction books and create quizzes to challenge their partners on the Twinspace and\/or on web conferences<\/span><br \/>\n<span style=\"color: #333333;\">&#8211; Students communicate on the Twinspace and ask questions about cultural aspects of the partner countries. Based on their enquiries, students prepare presentations about their country before the first mobility. <\/span><br \/>\n<span style=\"color: #333333;\">&#8211; Partners record the activities that take place during the mobilities<\/span><br \/>\n<span style=\"color: #333333;\">&#8211; Students and teachers evaluate the mobilities (surveys and presentation of results)<\/span><br \/>\n<span style=\"color: #333333;\">Students upload videos, presentations, files of the tasks related to modern technologies and robotics proposed after each mobility. <\/span><br \/>\n<span style=\"color: #333333;\">Students write their own science-fiction stories in mixed groups.<\/span><\/p>\n","protected":false},"excerpt":{"rendered":"<p>Neben bew\u00e4hrten Partnerschaften betritt die nfg auch neue Pfade. Seit 2016 nehmen Sch\u00fclerInnen der Klassenstufen 8 und 9 an einer zweij\u00e4hrigen strategischen Schulpartnerschaft teil. Diese beinhaltet zum einen den Besuch der drei Partnerschulen in Frydlant &hellip; <a href=\"https:\/\/nfg24.de\/w_press\/schulleben\/international\/erasmus\/\">Weiterlesen<\/a><\/p>\n","protected":false},"author":1,"featured_media":0,"parent":27,"menu_order":0,"comment_status":"closed","ping_status":"closed","template":"fullwidth.php","meta":{"footnotes":""},"class_list":["post-744","page","type-page","status-publish","hentry"],"_links":{"self":[{"href":"https:\/\/nfg24.de\/w_press\/wp-json\/wp\/v2\/pages\/744","targetHints":{"allow":["GET"]}}],"collection":[{"href":"https:\/\/nfg24.de\/w_press\/wp-json\/wp\/v2\/pages"}],"about":[{"href":"https:\/\/nfg24.de\/w_press\/wp-json\/wp\/v2\/types\/page"}],"author":[{"embeddable":true,"href":"https:\/\/nfg24.de\/w_press\/wp-json\/wp\/v2\/users\/1"}],"replies":[{"embeddable":true,"href":"https:\/\/nfg24.de\/w_press\/wp-json\/wp\/v2\/comments?post=744"}],"version-history":[{"count":14,"href":"https:\/\/nfg24.de\/w_press\/wp-json\/wp\/v2\/pages\/744\/revisions"}],"predecessor-version":[{"id":1378,"href":"https:\/\/nfg24.de\/w_press\/wp-json\/wp\/v2\/pages\/744\/revisions\/1378"}],"up":[{"embeddable":true,"href":"https:\/\/nfg24.de\/w_press\/wp-json\/wp\/v2\/pages\/27"}],"wp:attachment":[{"href":"https:\/\/nfg24.de\/w_press\/wp-json\/wp\/v2\/media?parent=744"}],"curies":[{"name":"wp","href":"https:\/\/api.w.org\/{rel}","templated":true}]}}