{"id":717,"date":"2017-06-12T21:00:05","date_gmt":"2017-06-12T19:00:05","guid":{"rendered":"http:\/\/nfg24.de\/w_press\/?page_id=717"},"modified":"2017-06-12T22:07:54","modified_gmt":"2017-06-12T20:07:54","slug":"pergamonmuseum","status":"publish","type":"page","link":"https:\/\/nfg24.de\/w_press\/schulleben\/exkursionen\/pergamonmuseum\/","title":{"rendered":"Pergamonmuseum"},"content":{"rendered":"<p>Die Fachexkursion der Klassenstufe 6 ins Pergamonmuseum geh\u00f6rt zum schulinternen Curriculum der neuen friedl\u00e4nder gesamtschule. Sie erm\u00f6glicht es den Sch\u00fclerInnen sich ein lebendiges Bild von der Antike zu machen: Der Ursprung der europ\u00e4ischen Kultur wird hier in authentischen Inszenierungen r\u00e4umlich und k\u00f6rperlich f\u00fcr sie erlebbar. Vor- und nachbereitende Aufgabenstellungen in selbstentwickelten Lehrmaterialien sind Quelle intensiver Auseinandersetzung und Wissenserweiterung. Der Besuch im Pergamonmuseum bildet zugleich den Einstieg ins Griechenlandprojekt.<\/p>\n<div id=\"metaslider-id-720\" style=\"max-width: 800px; margin: 0 auto;\" class=\"ml-slider-3-108-0 metaslider metaslider-flex metaslider-720 ml-slider has-dots-nav ms-theme-default\" role=\"region\" aria-label=\"Pergamon\" data-height=\"600\" data-width=\"800\">\n    <div id=\"metaslider_container_720\">\n        <div id=\"metaslider_720\" class=\"flexslider\">\n            <ul class='slides'>\n                <li style=\"display: block; width: 100%;\" class=\"slide-728 ms-image \" aria-roledescription=\"slide\" data-date=\"2017-06-12 22:06:25\" data-filename=\"pergamon1.jpg\" data-slide-type=\"image\"><img loading=\"lazy\" decoding=\"async\" src=\"https:\/\/nfg24.de\/w_press\/wp-content\/uploads\/2017\/06\/pergamon1.jpg\" height=\"600\" width=\"800\" alt=\"\" class=\"slider-720 slide-728 msDefaultImage\" \/><\/li>\n                <li style=\"display: none; width: 100%;\" class=\"slide-729 ms-image \" aria-roledescription=\"slide\" data-date=\"2017-06-12 22:06:26\" data-filename=\"pergamon2.jpg\" data-slide-type=\"image\"><img loading=\"lazy\" decoding=\"async\" src=\"https:\/\/nfg24.de\/w_press\/wp-content\/uploads\/2017\/06\/pergamon2.jpg\" height=\"600\" width=\"800\" alt=\"\" class=\"slider-720 slide-729 msDefaultImage\" \/><\/li>\n                <li style=\"display: none; width: 100%;\" class=\"slide-730 ms-image \" aria-roledescription=\"slide\" data-date=\"2017-06-12 22:06:26\" data-filename=\"pergamon3.jpg\" data-slide-type=\"image\"><img loading=\"lazy\" decoding=\"async\" src=\"https:\/\/nfg24.de\/w_press\/wp-content\/uploads\/2017\/06\/pergamon3.jpg\" height=\"600\" width=\"800\" alt=\"\" class=\"slider-720 slide-730 msDefaultImage\" \/><\/li>\n                <li style=\"display: none; width: 100%;\" class=\"slide-731 ms-image \" aria-roledescription=\"slide\" data-date=\"2017-06-12 22:06:26\" data-filename=\"pergamon4.jpg\" data-slide-type=\"image\"><img loading=\"lazy\" decoding=\"async\" src=\"https:\/\/nfg24.de\/w_press\/wp-content\/uploads\/2017\/06\/pergamon4.jpg\" height=\"600\" width=\"800\" alt=\"\" class=\"slider-720 slide-731 msDefaultImage\" \/><\/li>\n                <li style=\"display: none; width: 100%;\" class=\"slide-732 ms-image \" aria-roledescription=\"slide\" data-date=\"2017-06-12 22:06:26\" data-filename=\"Pergamon6.jpg\" data-slide-type=\"image\"><img loading=\"lazy\" decoding=\"async\" src=\"https:\/\/nfg24.de\/w_press\/wp-content\/uploads\/2017\/06\/Pergamon6.jpg\" height=\"600\" width=\"800\" alt=\"\" class=\"slider-720 slide-732 msDefaultImage\" \/><\/li>\n                <li style=\"display: none; width: 100%;\" class=\"slide-733 ms-image \" aria-roledescription=\"slide\" data-date=\"2017-06-12 22:06:26\" data-filename=\"Pergamon7.jpg\" data-slide-type=\"image\"><img loading=\"lazy\" decoding=\"async\" src=\"https:\/\/nfg24.de\/w_press\/wp-content\/uploads\/2017\/06\/Pergamon7.jpg\" height=\"600\" width=\"800\" alt=\"\" class=\"slider-720 slide-733 msDefaultImage\" \/><\/li>\n                <li style=\"display: none; width: 100%;\" class=\"slide-734 ms-image \" aria-roledescription=\"slide\" data-date=\"2017-06-12 22:06:26\" data-filename=\"Pergamon8.jpg\" data-slide-type=\"image\"><img loading=\"lazy\" decoding=\"async\" src=\"https:\/\/nfg24.de\/w_press\/wp-content\/uploads\/2017\/06\/Pergamon8.jpg\" height=\"600\" width=\"800\" alt=\"\" class=\"slider-720 slide-734 msDefaultImage\" \/><\/li>\n            <\/ul>\n        <\/div>\n        \n    <\/div>\n<\/div>\n","protected":false},"excerpt":{"rendered":"<p>Die Fachexkursion der Klassenstufe 6 ins Pergamonmuseum geh\u00f6rt zum schulinternen Curriculum der neuen friedl\u00e4nder gesamtschule. Sie erm\u00f6glicht es den Sch\u00fclerInnen sich ein lebendiges Bild von der Antike zu machen: Der Ursprung der europ\u00e4ischen Kultur wird &hellip; <a href=\"https:\/\/nfg24.de\/w_press\/schulleben\/exkursionen\/pergamonmuseum\/\">Weiterlesen<\/a><\/p>\n","protected":false},"author":1,"featured_media":0,"parent":16,"menu_order":0,"comment_status":"closed","ping_status":"closed","template":"fullwidth.php","meta":{"footnotes":""},"class_list":["post-717","page","type-page","status-publish","hentry"],"_links":{"self":[{"href":"https:\/\/nfg24.de\/w_press\/wp-json\/wp\/v2\/pages\/717","targetHints":{"allow":["GET"]}}],"collection":[{"href":"https:\/\/nfg24.de\/w_press\/wp-json\/wp\/v2\/pages"}],"about":[{"href":"https:\/\/nfg24.de\/w_press\/wp-json\/wp\/v2\/types\/page"}],"author":[{"embeddable":true,"href":"https:\/\/nfg24.de\/w_press\/wp-json\/wp\/v2\/users\/1"}],"replies":[{"embeddable":true,"href":"https:\/\/nfg24.de\/w_press\/wp-json\/wp\/v2\/comments?post=717"}],"version-history":[{"count":2,"href":"https:\/\/nfg24.de\/w_press\/wp-json\/wp\/v2\/pages\/717\/revisions"}],"predecessor-version":[{"id":735,"href":"https:\/\/nfg24.de\/w_press\/wp-json\/wp\/v2\/pages\/717\/revisions\/735"}],"up":[{"embeddable":true,"href":"https:\/\/nfg24.de\/w_press\/wp-json\/wp\/v2\/pages\/16"}],"wp:attachment":[{"href":"https:\/\/nfg24.de\/w_press\/wp-json\/wp\/v2\/media?parent=717"}],"curies":[{"name":"wp","href":"https:\/\/api.w.org\/{rel}","templated":true}]}}