{"id":691,"date":"2017-06-12T18:03:40","date_gmt":"2017-06-12T16:03:40","guid":{"rendered":"http:\/\/nfg24.de\/w_press\/?page_id=691"},"modified":"2017-10-14T19:12:53","modified_gmt":"2017-10-14T17:12:53","slug":"meister-aller-klassen","status":"publish","type":"page","link":"https:\/\/nfg24.de\/w_press\/schulleben\/wettbewerbe\/meister-aller-klassen\/","title":{"rendered":"Meister aller Klassen"},"content":{"rendered":"<p style=\"text-align: justify;\">Meister aller Klassen &#8211; ein nicht ganz allt\u00e4gliches Volleyballturnier f\u00fcr Quadro Teams. Pro Jahrgang bekommt das j\u00fcngere Team zu Beginn des Spiels 2 Punkte gutgeschrieben. Gespielt wird bis 15 Punkte, das Schmettern und Aufschlag von oben sind nicht erlaubt. Gefragt sind also die Grundfertigkeiten des Zuspiels und kluges taktisches Verhalten.<br \/>\nBeim diesj\u00e4hrigen Turnier (2017) setzte sich der Vorjahressieger, das Team &#8222;Hot Straff&#8220; aus der 10. Jahrgangsstufe erfolgreich durch. W\u00e4hrend nach der Vorrunde die M\u00e4dchen des &#8222;Teams ohne Boys&#8220; aus der 9. Klassenstufe noch f\u00fchrten, landeten sie nach der R\u00fcckrunde auf dem 3. Platz. Den zweiten Platz belegten zum wiederholten Mal &#8222;Die fantastischen Vier&#8220; aus der 7. Jahrgangsstufe. Das j\u00fcngste Team des Turniers &#8222;High Five&#8220; zeigte, wie gut schon F\u00fcnftkl\u00e4ssler Volleyball spielen k\u00f6nnen. Auch wenn es noch nicht zu einer vorderen Platzierung reichte, hat ihr hoch motiviertes Spiel alle begeistert.<\/p>\n<div id=\"metaslider-id-701\" style=\"max-width: 800px; margin: 0 auto;\" class=\"ml-slider-3-108-0 metaslider metaslider-flex metaslider-701 ml-slider has-dots-nav ms-theme-default\" role=\"region\" aria-label=\"MeisterAllerKlassen\" data-height=\"600\" data-width=\"800\">\n    <div id=\"metaslider_container_701\">\n        <div id=\"metaslider_701\" class=\"flexslider\">\n            <ul class='slides'>\n                <li style=\"display: block; width: 100%;\" class=\"slide-706 ms-image \" aria-roledescription=\"slide\" data-date=\"2017-06-12 20:37:29\" data-filename=\"mak17-1.jpg\" data-slide-type=\"image\"><img loading=\"lazy\" decoding=\"async\" src=\"https:\/\/nfg24.de\/w_press\/wp-content\/uploads\/2017\/06\/mak17-1.jpg\" height=\"600\" width=\"800\" alt=\"\" class=\"slider-701 slide-706 msDefaultImage\" \/><\/li>\n                <li style=\"display: none; width: 100%;\" class=\"slide-707 ms-image \" aria-roledescription=\"slide\" data-date=\"2017-06-12 20:37:29\" data-filename=\"mak17-2.jpg\" data-slide-type=\"image\"><img loading=\"lazy\" decoding=\"async\" src=\"https:\/\/nfg24.de\/w_press\/wp-content\/uploads\/2017\/06\/mak17-2.jpg\" height=\"600\" width=\"800\" alt=\"\" class=\"slider-701 slide-707 msDefaultImage\" \/><\/li>\n                <li style=\"display: none; width: 100%;\" class=\"slide-708 ms-image \" aria-roledescription=\"slide\" data-date=\"2017-06-12 20:37:29\" data-filename=\"mak17-3.jpg\" data-slide-type=\"image\"><img loading=\"lazy\" decoding=\"async\" src=\"https:\/\/nfg24.de\/w_press\/wp-content\/uploads\/2017\/06\/mak17-3.jpg\" height=\"600\" width=\"800\" alt=\"\" class=\"slider-701 slide-708 msDefaultImage\" \/><\/li>\n                <li style=\"display: none; width: 100%;\" class=\"slide-709 ms-image \" aria-roledescription=\"slide\" data-date=\"2017-06-12 20:37:29\" data-filename=\"mak17-4.jpg\" data-slide-type=\"image\"><img loading=\"lazy\" decoding=\"async\" src=\"https:\/\/nfg24.de\/w_press\/wp-content\/uploads\/2017\/06\/mak17-4.jpg\" height=\"600\" width=\"800\" alt=\"\" class=\"slider-701 slide-709 msDefaultImage\" \/><\/li>\n            <\/ul>\n        <\/div>\n        \n    <\/div>\n<\/div>\n<p>&nbsp;<\/p>\n<p>&nbsp;<\/p>\n","protected":false},"excerpt":{"rendered":"<p>Meister aller Klassen &#8211; ein nicht ganz allt\u00e4gliches Volleyballturnier f\u00fcr Quadro Teams. Pro Jahrgang bekommt das j\u00fcngere Team zu Beginn des Spiels 2 Punkte gutgeschrieben. Gespielt wird bis 15 Punkte, das Schmettern und Aufschlag von &hellip; <a href=\"https:\/\/nfg24.de\/w_press\/schulleben\/wettbewerbe\/meister-aller-klassen\/\">Weiterlesen<\/a><\/p>\n","protected":false},"author":1,"featured_media":0,"parent":18,"menu_order":0,"comment_status":"closed","ping_status":"closed","template":"fullwidth.php","meta":{"footnotes":""},"class_list":["post-691","page","type-page","status-publish","hentry"],"_links":{"self":[{"href":"https:\/\/nfg24.de\/w_press\/wp-json\/wp\/v2\/pages\/691","targetHints":{"allow":["GET"]}}],"collection":[{"href":"https:\/\/nfg24.de\/w_press\/wp-json\/wp\/v2\/pages"}],"about":[{"href":"https:\/\/nfg24.de\/w_press\/wp-json\/wp\/v2\/types\/page"}],"author":[{"embeddable":true,"href":"https:\/\/nfg24.de\/w_press\/wp-json\/wp\/v2\/users\/1"}],"replies":[{"embeddable":true,"href":"https:\/\/nfg24.de\/w_press\/wp-json\/wp\/v2\/comments?post=691"}],"version-history":[{"count":9,"href":"https:\/\/nfg24.de\/w_press\/wp-json\/wp\/v2\/pages\/691\/revisions"}],"predecessor-version":[{"id":1243,"href":"https:\/\/nfg24.de\/w_press\/wp-json\/wp\/v2\/pages\/691\/revisions\/1243"}],"up":[{"embeddable":true,"href":"https:\/\/nfg24.de\/w_press\/wp-json\/wp\/v2\/pages\/18"}],"wp:attachment":[{"href":"https:\/\/nfg24.de\/w_press\/wp-json\/wp\/v2\/media?parent=691"}],"curies":[{"name":"wp","href":"https:\/\/api.w.org\/{rel}","templated":true}]}}