{"id":678,"date":"2017-06-11T18:00:36","date_gmt":"2017-06-11T16:00:36","guid":{"rendered":"http:\/\/nfg24.de\/w_press\/?page_id=678"},"modified":"2018-06-01T08:09:22","modified_gmt":"2018-06-01T06:09:22","slug":"kaenguru-der-mathematik","status":"publish","type":"page","link":"https:\/\/nfg24.de\/w_press\/schulleben\/wettbewerbe\/kaenguru-der-mathematik\/","title":{"rendered":"K\u00e4nguru der Mathematik"},"content":{"rendered":"<p style=\"text-align: justify;\"><a href=\"http:\/\/www.mathe-kaenguru.de\/\">&#8222;K\u00e4nguru der Mathematik&#8220;<\/a> &#8211; dieser internationale Mathematik-Wettbewerb ist seit 2007 ein fester Bestandteil unseres Schulalltags.<\/p>\n<p>Am 15. 3. 2018 haben 43 Sch\u00fclerinnen und Sch\u00fcler unserer Schule am K\u00e4nguru-Wettbewerb teilgenommen, ein mathematischer Multiple-Choice-Wettbewerb f\u00fcr \u00fcber 6 Millionen Teilnehmer in mehr als 70 L\u00e4ndern weltweit. In Deutschland beteiligten sich in diesem Jahr 900.000 Teilnehmer aus 11.250 Schulen. An der Humboldt-Universit\u00e4t zu Berlin werden alle Sch\u00fclerleistungen zusammengefasst und ausgewertet. In diesem Wettbewerb m\u00fcssen in 75 Minuten 30 Aufgaben unterschiedlicher Schwierigkeit gel\u00f6st werden. Die vielf\u00e4ltigen Aufgaben zum Knobeln, Gr\u00fcbeln, Rechnen und Sch\u00e4tzen sollen vor allem Freude an der Besch\u00e4ftigung mit Mathematik wecken. Bei diesem Wettbewerb gibt es nur Gewinner, alle Teilnehmer erhalten eine Urkunde und einen Erinnerungspreis. F\u00fcr die Besten gibt es kleine Sachpreise.<br \/>\nDie erfolgreichsten Sch\u00fclerinnen und Sch\u00fcler unserer Schule sind<br \/>\nPepe Rhein, Klasse 5d<br \/>\nLene Heyn, Klasse 6a<br \/>\nKarl Leifels, Klasse 6c<br \/>\nTrixi Stuhrmann, Klasse 6d<br \/>\nIsa Gottberg, Klasse 7RC<br \/>\nAnton Kutyma, Klasse 8GC<br \/>\nLucas Jahnke, Klasse 9RA und<br \/>\nLeon K\u00f6ller, Klasse 11A.<\/p>\n<p>Den weitesten K\u00e4nguru-Sprung machte Lene Heyn aus der Klasse 6a, sie hat 14 aufeinanderfolgende Aufgaben richtig gel\u00f6st. Daf\u00fcr wurde sie mit dem K\u00e4nguru-Shirt ausgezeichnet.<\/p>\n<p>Im n\u00e4chsten Jahr wird uns im M\u00e4rz wieder das K\u00e4nguru der Mathematik besuchen. Wir freuen uns schon heute auf viele Teilnehmer.<\/p>\n<div id=\"metaslider-id-1727\" style=\"max-width: 800px; margin: 0 auto;\" class=\"ml-slider-3-108-0 metaslider metaslider-flex metaslider-1727 ml-slider has-dots-nav ms-theme-default\" role=\"region\" aria-label=\"k\u00e4nguru18\" data-height=\"600\" data-width=\"800\">\n    <div id=\"metaslider_container_1727\">\n        <div id=\"metaslider_1727\" class=\"flexslider\">\n            <ul class='slides'>\n                <li style=\"display: block; width: 100%;\" class=\"slide-1735 ms-image \" aria-roledescription=\"slide\" data-date=\"2018-06-01 07:56:41\" data-filename=\"kaenguru18-3.jpg\" data-slide-type=\"image\"><img loading=\"lazy\" decoding=\"async\" src=\"https:\/\/nfg24.de\/w_press\/wp-content\/uploads\/2018\/06\/kaenguru18-3.jpg\" height=\"600\" width=\"800\" alt=\"\" class=\"slider-1727 slide-1735 msDefaultImage\" \/><\/li>\n                <li style=\"display: none; width: 100%;\" class=\"slide-1733 ms-image \" aria-roledescription=\"slide\" data-date=\"2018-06-01 07:56:41\" data-filename=\"kaenguru18-1.jpg\" data-slide-type=\"image\"><img loading=\"lazy\" decoding=\"async\" src=\"https:\/\/nfg24.de\/w_press\/wp-content\/uploads\/2018\/06\/kaenguru18-1.jpg\" height=\"600\" width=\"800\" alt=\"\" class=\"slider-1727 slide-1733 msDefaultImage\" \/><\/li>\n                <li style=\"display: none; width: 100%;\" class=\"slide-1734 ms-image \" aria-roledescription=\"slide\" data-date=\"2018-06-01 07:56:41\" data-filename=\"kaenguru18-2.jpg\" data-slide-type=\"image\"><img loading=\"lazy\" decoding=\"async\" src=\"https:\/\/nfg24.de\/w_press\/wp-content\/uploads\/2018\/06\/kaenguru18-2.jpg\" height=\"600\" width=\"800\" alt=\"\" class=\"slider-1727 slide-1734 msDefaultImage\" \/><\/li>\n                <li style=\"display: none; width: 100%;\" class=\"slide-1736 ms-image \" aria-roledescription=\"slide\" data-date=\"2018-06-01 07:56:42\" data-filename=\"kaenguru18-4.jpg\" data-slide-type=\"image\"><img loading=\"lazy\" decoding=\"async\" src=\"https:\/\/nfg24.de\/w_press\/wp-content\/uploads\/2018\/06\/kaenguru18-4.jpg\" height=\"600\" width=\"800\" alt=\"\" class=\"slider-1727 slide-1736 msDefaultImage\" \/><\/li>\n                <li style=\"display: none; width: 100%;\" class=\"slide-1737 ms-image \" aria-roledescription=\"slide\" data-date=\"2018-06-01 07:56:42\" data-filename=\"kaenguru18-5.jpg\" data-slide-type=\"image\"><img loading=\"lazy\" decoding=\"async\" src=\"https:\/\/nfg24.de\/w_press\/wp-content\/uploads\/2018\/06\/kaenguru18-5.jpg\" height=\"600\" width=\"800\" alt=\"\" class=\"slider-1727 slide-1737 msDefaultImage\" \/><\/li>\n            <\/ul>\n        <\/div>\n        \n    <\/div>\n<\/div>\n","protected":false},"excerpt":{"rendered":"<p>&#8222;K\u00e4nguru der Mathematik&#8220; &#8211; dieser internationale Mathematik-Wettbewerb ist seit 2007 ein fester Bestandteil unseres Schulalltags. Am 15. 3. 2018 haben 43 Sch\u00fclerinnen und Sch\u00fcler unserer Schule am K\u00e4nguru-Wettbewerb teilgenommen, ein mathematischer Multiple-Choice-Wettbewerb f\u00fcr \u00fcber 6 &hellip; <a href=\"https:\/\/nfg24.de\/w_press\/schulleben\/wettbewerbe\/kaenguru-der-mathematik\/\">Weiterlesen<\/a><\/p>\n","protected":false},"author":1,"featured_media":0,"parent":18,"menu_order":0,"comment_status":"closed","ping_status":"closed","template":"fullwidth.php","meta":{"footnotes":""},"class_list":["post-678","page","type-page","status-publish","hentry"],"_links":{"self":[{"href":"https:\/\/nfg24.de\/w_press\/wp-json\/wp\/v2\/pages\/678","targetHints":{"allow":["GET"]}}],"collection":[{"href":"https:\/\/nfg24.de\/w_press\/wp-json\/wp\/v2\/pages"}],"about":[{"href":"https:\/\/nfg24.de\/w_press\/wp-json\/wp\/v2\/types\/page"}],"author":[{"embeddable":true,"href":"https:\/\/nfg24.de\/w_press\/wp-json\/wp\/v2\/users\/1"}],"replies":[{"embeddable":true,"href":"https:\/\/nfg24.de\/w_press\/wp-json\/wp\/v2\/comments?post=678"}],"version-history":[{"count":5,"href":"https:\/\/nfg24.de\/w_press\/wp-json\/wp\/v2\/pages\/678\/revisions"}],"predecessor-version":[{"id":1743,"href":"https:\/\/nfg24.de\/w_press\/wp-json\/wp\/v2\/pages\/678\/revisions\/1743"}],"up":[{"embeddable":true,"href":"https:\/\/nfg24.de\/w_press\/wp-json\/wp\/v2\/pages\/18"}],"wp:attachment":[{"href":"https:\/\/nfg24.de\/w_press\/wp-json\/wp\/v2\/media?parent=678"}],"curies":[{"name":"wp","href":"https:\/\/api.w.org\/{rel}","templated":true}]}}