{"id":5844,"date":"2023-05-10T08:58:36","date_gmt":"2023-05-10T06:58:36","guid":{"rendered":"https:\/\/nfg24.de\/w_press\/?page_id=5844"},"modified":"2025-11-30T18:16:37","modified_gmt":"2025-11-30T17:16:37","slug":"unser-neuer-schulanbau","status":"publish","type":"page","link":"https:\/\/nfg24.de\/w_press\/startseite\/unser-neuer-schulanbau\/","title":{"rendered":"Unser neuer Schulanbau"},"content":{"rendered":"\n<h2 class=\"wp-block-heading\">Anbau er\u00f6ffnet und im regen Betrieb<\/h2>\n\n\n\n<p>Unser fertiger Schulanbau ist seit dem Schuljahr 2025\/2026 im vollen Betrieb. In den neuen Klassenr\u00e4ume haben aktuell die Klassen der 9G, 10G, 11 und 12 eine neue Heimat gefunden. Auch die Cafeteria ist umgezogen &#8211; jetzt warten wir nur noch auf die Fertigstellung der Komplettk\u00fcche. <\/p>\n\n\n\n<div class=\"alignnormal\"><div id=\"metaslider-id-7181\" style=\"width: 100%;\" class=\"ml-slider-3-108-0 metaslider metaslider-flex metaslider-7181 ml-slider has-dots-nav ms-theme-default-base\" role=\"region\" aria-label=\"Schule 25 + Anbau\" data-height=\"600\" data-width=\"800\">\n    <div id=\"metaslider_container_7181\">\n        <div id=\"metaslider_7181\">\n            <ul aria-live='off' class='slides'>\n                <li style=\"display: block; width: 100%;\" class=\"slide-7182 ms-image \" aria-roledescription=\"slide\" data-date=\"2025-11-30 16:48:39\" data-filename=\"dji_fly_20250909_163540_0260_1757428710760_photo.jpeg\" data-slide-type=\"image\"><img loading=\"lazy\" decoding=\"async\" src=\"https:\/\/nfg24.de\/w_press\/wp-content\/uploads\/2025\/11\/dji_fly_20250909_163540_0260_1757428710760_photo.jpeg\" height=\"600\" width=\"800\" alt=\"\" class=\"slider-7181 slide-7182 msDefaultImage\" title=\"default\" \/><div class=\"caption-wrap\"><div class=\"caption\"><div>Fotos: C. Schwarzbach<\/div><\/div><\/div><\/li>\n                <li style=\"display: none; width: 100%;\" class=\"slide-7183 ms-image \" aria-roledescription=\"slide\" data-date=\"2025-11-30 16:48:49\" data-filename=\"dji_fly_20250909_162614_0244_1757428229836_photo.jpeg\" data-slide-type=\"image\"><img loading=\"lazy\" decoding=\"async\" src=\"https:\/\/nfg24.de\/w_press\/wp-content\/uploads\/2025\/11\/dji_fly_20250909_162614_0244_1757428229836_photo.jpeg\" height=\"600\" width=\"800\" alt=\"\" class=\"slider-7181 slide-7183 msDefaultImage\" title=\"default\" \/><div class=\"caption-wrap\"><div class=\"caption\"><div>Fotos: C. Schwarzbach<\/div><\/div><\/div><\/li>\n                <li style=\"display: none; width: 100%;\" class=\"slide-7184 ms-image \" aria-roledescription=\"slide\" data-date=\"2025-11-30 16:48:55\" data-filename=\"dji_fly_20250909_163326_0255_1757428715812_photo.jpeg\" data-slide-type=\"image\"><img loading=\"lazy\" decoding=\"async\" src=\"https:\/\/nfg24.de\/w_press\/wp-content\/uploads\/2025\/11\/dji_fly_20250909_163326_0255_1757428715812_photo.jpeg\" height=\"600\" width=\"800\" alt=\"\" class=\"slider-7181 slide-7184 msDefaultImage\" title=\"default\" \/><div class=\"caption-wrap\"><div class=\"caption\"><div>Fotos: C. Schwarzbach<\/div><\/div><\/div><\/li>\n                <li style=\"display: none; width: 100%;\" class=\"slide-7185 ms-image \" aria-roledescription=\"slide\" data-date=\"2025-11-30 16:49:01\" data-filename=\"dji_fly_20250909_163208_0250_1757428720840_photo.jpeg\" data-slide-type=\"image\"><img loading=\"lazy\" decoding=\"async\" src=\"https:\/\/nfg24.de\/w_press\/wp-content\/uploads\/2025\/11\/dji_fly_20250909_163208_0250_1757428720840_photo.jpeg\" height=\"600\" width=\"800\" alt=\"\" class=\"slider-7181 slide-7185 msDefaultImage\" title=\"default\" \/><div class=\"caption-wrap\"><div class=\"caption\"><div>Fotos: C. Schwarzbach<\/div><\/div><\/div><\/li>\n            <\/ul>\n        <\/div>\n        \n    <\/div>\n<\/div><\/div>\n\n\n\n<figure class=\"wp-block-video\"><video height=\"1920\" style=\"aspect-ratio: 3412 \/ 1920;\" width=\"3412\" controls src=\"https:\/\/nfg24.de\/w_press\/wp-content\/uploads\/2025\/11\/dji_fly_20250909_164354_0265_1757429257693_video_beautify2-ezgif.com-reverse-video-2.mp4\"><\/video><\/figure>\n\n\n\n<h2 class=\"wp-block-heading\">Baustellenfortschritt bis zum Herbst 2024<\/h2>\n\n\n\n<div class=\"alignnormal\"><div id=\"metaslider-id-6606\" style=\"width: 100%;\" class=\"ml-slider-3-108-0 metaslider metaslider-flex metaslider-6606 ml-slider has-dots-nav ms-theme-default\" role=\"region\" aria-label=\"Mensaanbau Herbst 2024\" data-height=\"600\" data-width=\"800\">\n    <div id=\"metaslider_container_6606\">\n        <div id=\"metaslider_6606\">\n            <ul class='slides'>\n                <li style=\"display: block; width: 100%;\" class=\"slide-6615 ms-image \" aria-roledescription=\"slide\" data-date=\"2024-11-08 10:52:31\" data-filename=\"IMG_5420.jpg\" data-slide-type=\"image\"><img loading=\"lazy\" decoding=\"async\" src=\"https:\/\/nfg24.de\/w_press\/wp-content\/uploads\/2024\/11\/IMG_5420.jpg\" height=\"600\" width=\"800\" alt=\"\" class=\"slider-6606 slide-6615 msDefaultImage\" title=\"IMG_5420\" \/><\/li>\n                <li style=\"display: none; width: 100%;\" class=\"slide-6616 ms-image \" aria-roledescription=\"slide\" data-date=\"2024-11-08 10:52:31\" data-filename=\"IMG_5419.jpg\" data-slide-type=\"image\"><img loading=\"lazy\" decoding=\"async\" src=\"https:\/\/nfg24.de\/w_press\/wp-content\/uploads\/2024\/11\/IMG_5419.jpg\" height=\"600\" width=\"800\" alt=\"\" class=\"slider-6606 slide-6616 msDefaultImage\" title=\"IMG_5419\" \/><\/li>\n                <li style=\"display: none; width: 100%;\" class=\"slide-6617 ms-image \" aria-roledescription=\"slide\" data-date=\"2024-11-08 10:52:31\" data-filename=\"IMG_5423.jpg\" data-slide-type=\"image\"><img loading=\"lazy\" decoding=\"async\" src=\"https:\/\/nfg24.de\/w_press\/wp-content\/uploads\/2024\/11\/IMG_5423.jpg\" height=\"600\" width=\"800\" alt=\"\" class=\"slider-6606 slide-6617 msDefaultImage\" title=\"IMG_5423\" \/><\/li>\n                <li style=\"display: none; width: 100%;\" class=\"slide-6618 ms-image \" aria-roledescription=\"slide\" data-date=\"2024-11-08 10:52:31\" data-filename=\"IMG_5418.jpg\" data-slide-type=\"image\"><img loading=\"lazy\" decoding=\"async\" src=\"https:\/\/nfg24.de\/w_press\/wp-content\/uploads\/2024\/11\/IMG_5418.jpg\" height=\"600\" width=\"800\" alt=\"\" class=\"slider-6606 slide-6618 msDefaultImage\" title=\"IMG_5418\" \/><\/li>\n                <li style=\"display: none; width: 100%;\" class=\"slide-6619 ms-image \" aria-roledescription=\"slide\" data-date=\"2024-11-08 10:52:31\" data-filename=\"IMG_5417.jpg\" data-slide-type=\"image\"><img loading=\"lazy\" decoding=\"async\" src=\"https:\/\/nfg24.de\/w_press\/wp-content\/uploads\/2024\/11\/IMG_5417.jpg\" height=\"600\" width=\"800\" alt=\"\" class=\"slider-6606 slide-6619 msDefaultImage\" title=\"IMG_5417\" \/><\/li>\n                <li style=\"display: none; width: 100%;\" class=\"slide-6620 ms-image \" aria-roledescription=\"slide\" data-date=\"2024-11-08 10:52:31\" data-filename=\"IMG_5416.jpg\" data-slide-type=\"image\"><img loading=\"lazy\" decoding=\"async\" src=\"https:\/\/nfg24.de\/w_press\/wp-content\/uploads\/2024\/11\/IMG_5416.jpg\" height=\"600\" width=\"800\" alt=\"\" class=\"slider-6606 slide-6620 msDefaultImage\" title=\"IMG_5416\" \/><\/li>\n                <li style=\"display: none; width: 100%;\" class=\"slide-6621 ms-image \" aria-roledescription=\"slide\" data-date=\"2024-11-08 10:52:31\" data-filename=\"IMG_5422-798x599.jpg\" data-slide-type=\"image\"><img loading=\"lazy\" decoding=\"async\" src=\"https:\/\/nfg24.de\/w_press\/wp-content\/uploads\/2024\/11\/IMG_5422-798x599.jpg\" height=\"600\" width=\"800\" alt=\"\" class=\"slider-6606 slide-6621 msDefaultImage\" title=\"IMG_5422\" \/><\/li>\n                <li style=\"display: none; width: 100%;\" class=\"slide-6622 ms-image \" aria-roledescription=\"slide\" data-date=\"2024-11-08 10:52:31\" data-filename=\"IMG_5421.jpg\" data-slide-type=\"image\"><img loading=\"lazy\" decoding=\"async\" src=\"https:\/\/nfg24.de\/w_press\/wp-content\/uploads\/2024\/11\/IMG_5421.jpg\" height=\"600\" width=\"800\" alt=\"\" class=\"slider-6606 slide-6622 msDefaultImage\" title=\"IMG_5421\" \/><\/li>\n            <\/ul>\n        <\/div>\n        \n    <\/div>\n<\/div><\/div>\n\n\n\n<h2 class=\"wp-block-heading\">Baustellenbegehung im Juli 2023<\/h2>\n\n\n\n<div class=\"alignnormal\"><div id=\"metaslider-id-6081\" style=\"max-width: 800px; margin: 0 auto;\" class=\"ml-slider-3-108-0 metaslider metaslider-flex metaslider-6081 ml-slider has-dots-nav ms-theme-default\" role=\"region\" aria-label=\"Mensaanbau 23 Baustellenbegehung\" data-height=\"600\" data-width=\"800\">\n    <div id=\"metaslider_container_6081\">\n        <div id=\"metaslider_6081\" class=\"flexslider\">\n            <ul class='slides'>\n                <li style=\"display: block; width: 100%;\" class=\"slide-6089 ms-image \" aria-roledescription=\"slide\" data-date=\"2023-09-20 00:13:03\" data-filename=\"IMG_6518.jpg\" data-slide-type=\"image\"><img loading=\"lazy\" decoding=\"async\" src=\"https:\/\/nfg24.de\/w_press\/wp-content\/uploads\/2023\/09\/IMG_6518.jpg\" height=\"600\" width=\"800\" alt=\"\" class=\"slider-6081 slide-6089 msDefaultImage\" title=\"IMG_6518\" \/><\/li>\n                <li style=\"display: none; width: 100%;\" class=\"slide-6090 ms-image \" aria-roledescription=\"slide\" data-date=\"2023-09-20 00:13:03\" data-filename=\"IMG_6530.jpg\" data-slide-type=\"image\"><img loading=\"lazy\" decoding=\"async\" src=\"https:\/\/nfg24.de\/w_press\/wp-content\/uploads\/2023\/09\/IMG_6530.jpg\" height=\"600\" width=\"800\" alt=\"\" class=\"slider-6081 slide-6090 msDefaultImage\" title=\"IMG_6530\" \/><\/li>\n                <li style=\"display: none; width: 100%;\" class=\"slide-6091 ms-image \" aria-roledescription=\"slide\" data-date=\"2023-09-20 00:13:03\" data-filename=\"IMG_6540.jpg\" data-slide-type=\"image\"><img loading=\"lazy\" decoding=\"async\" src=\"https:\/\/nfg24.de\/w_press\/wp-content\/uploads\/2023\/09\/IMG_6540.jpg\" height=\"600\" width=\"800\" alt=\"\" class=\"slider-6081 slide-6091 msDefaultImage\" title=\"IMG_6540\" \/><\/li>\n                <li style=\"display: none; width: 100%;\" class=\"slide-6092 ms-image \" aria-roledescription=\"slide\" data-date=\"2023-09-20 00:13:03\" data-filename=\"IMG_6542.jpg\" data-slide-type=\"image\"><img loading=\"lazy\" decoding=\"async\" src=\"https:\/\/nfg24.de\/w_press\/wp-content\/uploads\/2023\/09\/IMG_6542.jpg\" height=\"600\" width=\"800\" alt=\"\" class=\"slider-6081 slide-6092 msDefaultImage\" title=\"IMG_6542\" \/><\/li>\n                <li style=\"display: none; width: 100%;\" class=\"slide-6093 ms-image \" aria-roledescription=\"slide\" data-date=\"2023-09-20 00:13:03\" data-filename=\"IMG_6549.jpg\" data-slide-type=\"image\"><img loading=\"lazy\" decoding=\"async\" src=\"https:\/\/nfg24.de\/w_press\/wp-content\/uploads\/2023\/09\/IMG_6549.jpg\" height=\"600\" width=\"800\" alt=\"\" class=\"slider-6081 slide-6093 msDefaultImage\" title=\"IMG_6549\" \/><\/li>\n                <li style=\"display: none; width: 100%;\" class=\"slide-6095 ms-image \" aria-roledescription=\"slide\" data-date=\"2023-09-20 00:13:31\" data-filename=\"IMG_6565.jpg\" data-slide-type=\"image\"><img loading=\"lazy\" decoding=\"async\" src=\"https:\/\/nfg24.de\/w_press\/wp-content\/uploads\/2023\/09\/IMG_6565.jpg\" height=\"600\" width=\"800\" alt=\"\" class=\"slider-6081 slide-6095 msDefaultImage\" title=\"IMG_6565\" \/><\/li>\n                <li style=\"display: none; width: 100%;\" class=\"slide-6094 ms-image \" aria-roledescription=\"slide\" data-date=\"2023-09-20 00:13:03\" data-filename=\"IMG_6581.jpg\" data-slide-type=\"image\"><img loading=\"lazy\" decoding=\"async\" src=\"https:\/\/nfg24.de\/w_press\/wp-content\/uploads\/2023\/09\/IMG_6581.jpg\" height=\"600\" width=\"800\" alt=\"\" class=\"slider-6081 slide-6094 msDefaultImage\" title=\"IMG_6581\" \/><\/li>\n            <\/ul>\n        <\/div>\n        \n    <\/div>\n<\/div><\/div>\n\n\n\n<h2 class=\"wp-block-heading\">Baufortschritte im Zeitraffer<\/h2>\n\n\n\n<p>Mit unserer eigenen Baustellenkamera wird zwischen 6:15 Uhr und 18:15 Uhr jeden Tag alle 30 Sekunden ein Bild aufgenommen, aus denen dann die nachfolgenden Fortschrittsvideos entstanden sind.  Diese Zeitraffervideos wurden von unserem FSJ-ler Vincent Metzig erstellt. <\/p>\n\n\n\n<div class=\"alignnormal\"><div id=\"metaslider-id-5906\" style=\"max-width: 800px; margin: 0 auto;\" class=\"ml-slider-3-108-0 metaslider metaslider-flex metaslider-5906 ml-slider has-dots-nav ms-theme-default\" role=\"region\" aria-label=\"Mensaanbau 2023\" data-height=\"600\" data-width=\"800\">\n    <div id=\"metaslider_container_5906\">\n        <div id=\"metaslider_5906\" class=\"flexslider\">\n            <ul class='slides'>\n                <li style=\"display: block; width: 100%;\" class=\"slide-5918 ms-image \" aria-roledescription=\"slide\" data-date=\"2023-05-30 00:35:51\" data-filename=\"IMG_1431.jpg\" data-slide-type=\"image\"><img loading=\"lazy\" decoding=\"async\" src=\"https:\/\/nfg24.de\/w_press\/wp-content\/uploads\/2023\/05\/IMG_1431.jpg\" height=\"600\" width=\"800\" alt=\"\" class=\"slider-5906 slide-5918 msDefaultImage\" title=\"IMG_1431\" \/><\/li>\n                <li style=\"display: none; width: 100%;\" class=\"slide-5919 ms-image \" aria-roledescription=\"slide\" data-date=\"2023-05-30 00:35:51\" data-filename=\"IMG_1432.jpg\" data-slide-type=\"image\"><img loading=\"lazy\" decoding=\"async\" src=\"https:\/\/nfg24.de\/w_press\/wp-content\/uploads\/2023\/05\/IMG_1432.jpg\" height=\"600\" width=\"800\" alt=\"\" class=\"slider-5906 slide-5919 msDefaultImage\" title=\"IMG_1432\" \/><\/li>\n                <li style=\"display: none; width: 100%;\" class=\"slide-5920 ms-image \" aria-roledescription=\"slide\" data-date=\"2023-05-30 00:35:51\" data-filename=\"IMG_1433.jpg\" data-slide-type=\"image\"><img loading=\"lazy\" decoding=\"async\" src=\"https:\/\/nfg24.de\/w_press\/wp-content\/uploads\/2023\/05\/IMG_1433.jpg\" height=\"600\" width=\"800\" alt=\"\" class=\"slider-5906 slide-5920 msDefaultImage\" title=\"IMG_1433\" \/><\/li>\n                <li style=\"display: none; width: 100%;\" class=\"slide-5921 ms-image \" aria-roledescription=\"slide\" data-date=\"2023-05-30 00:35:51\" data-filename=\"IMG_1434.jpg\" data-slide-type=\"image\"><img loading=\"lazy\" decoding=\"async\" src=\"https:\/\/nfg24.de\/w_press\/wp-content\/uploads\/2023\/05\/IMG_1434.jpg\" height=\"600\" width=\"800\" alt=\"\" class=\"slider-5906 slide-5921 msDefaultImage\" title=\"IMG_1434\" \/><\/li>\n                <li style=\"display: none; width: 100%;\" class=\"slide-5922 ms-image \" aria-roledescription=\"slide\" data-date=\"2023-05-30 00:35:51\" data-filename=\"IMG_1435.jpg\" data-slide-type=\"image\"><img loading=\"lazy\" decoding=\"async\" src=\"https:\/\/nfg24.de\/w_press\/wp-content\/uploads\/2023\/05\/IMG_1435.jpg\" height=\"600\" width=\"800\" alt=\"\" class=\"slider-5906 slide-5922 msDefaultImage\" title=\"IMG_1435\" \/><\/li>\n                <li style=\"display: none; width: 100%;\" class=\"slide-5923 ms-image \" aria-roledescription=\"slide\" data-date=\"2023-05-30 00:35:51\" data-filename=\"IMG_1436.jpg\" data-slide-type=\"image\"><img loading=\"lazy\" decoding=\"async\" src=\"https:\/\/nfg24.de\/w_press\/wp-content\/uploads\/2023\/05\/IMG_1436.jpg\" height=\"600\" width=\"800\" alt=\"\" class=\"slider-5906 slide-5923 msDefaultImage\" title=\"IMG_1436\" \/><\/li>\n                <li style=\"display: none; width: 100%;\" class=\"slide-5924 ms-image \" aria-roledescription=\"slide\" data-date=\"2023-05-30 00:35:51\" data-filename=\"IMG_1437.jpg\" data-slide-type=\"image\"><img loading=\"lazy\" decoding=\"async\" src=\"https:\/\/nfg24.de\/w_press\/wp-content\/uploads\/2023\/05\/IMG_1437.jpg\" height=\"600\" width=\"800\" alt=\"\" class=\"slider-5906 slide-5924 msDefaultImage\" title=\"IMG_1437\" \/><\/li>\n                <li style=\"display: none; width: 100%;\" class=\"slide-5917 ms-image \" aria-roledescription=\"slide\" data-date=\"2023-05-30 00:35:51\" data-filename=\"IMG_1430.jpg\" data-slide-type=\"image\"><img loading=\"lazy\" decoding=\"async\" src=\"https:\/\/nfg24.de\/w_press\/wp-content\/uploads\/2023\/05\/IMG_1430.jpg\" height=\"600\" width=\"800\" alt=\"\" class=\"slider-5906 slide-5917 msDefaultImage\" title=\"IMG_1430\" \/><\/li>\n                <li style=\"display: none; width: 100%;\" class=\"slide-5916 ms-image \" aria-roledescription=\"slide\" data-date=\"2023-05-30 00:35:51\" data-filename=\"IMG_1429.jpg\" data-slide-type=\"image\"><img loading=\"lazy\" decoding=\"async\" src=\"https:\/\/nfg24.de\/w_press\/wp-content\/uploads\/2023\/05\/IMG_1429.jpg\" height=\"600\" width=\"800\" alt=\"\" class=\"slider-5906 slide-5916 msDefaultImage\" title=\"IMG_1429\" \/><\/li>\n            <\/ul>\n        <\/div>\n        \n    <\/div>\n<\/div><\/div>\n\n\n\n<p><strong>Bauabschnitt 4: W\u00e4nde und Decke des Obergeschosses (Juli &#8211; August 2023) <\/strong><\/p>\n\n\n\n<figure class=\"wp-block-video\"><video height=\"1080\" style=\"aspect-ratio: 1920 \/ 1080;\" width=\"1920\" controls src=\"https:\/\/nfg24.de\/w_press\/wp-content\/uploads\/2023\/09\/Bauphase_4_WA\u00a4ndeDecke_oben3.mp4\"><\/video><\/figure>\n\n\n\n<p><strong>Bauabschnitt 3: Decke des Untergeschosses (Juni 2023) <\/strong><\/p>\n\n\n\n<figure class=\"wp-block-video\"><video height=\"1080\" style=\"aspect-ratio: 1920 \/ 1080;\" width=\"1920\" controls src=\"https:\/\/nfg24.de\/w_press\/wp-content\/uploads\/2023\/09\/Bauphase_3_Decke_unten5.mp4\"><\/video><\/figure>\n\n\n\n<p><strong>Bauabschnitt 2: W\u00e4nde des Untergeschosses (April &#8211; Mai 2023) <\/strong><\/p>\n\n\n\n<figure class=\"wp-block-video\"><video height=\"480\" style=\"aspect-ratio: 854 \/ 480;\" width=\"854\" controls src=\"https:\/\/nfg24.de\/w_press\/wp-content\/uploads\/2023\/05\/Innenwaende-Erdgeschoss.mp4\"><\/video><\/figure>\n\n\n\n<p><\/p>\n\n\n\n<p><strong>Bauabschnitt 1: Bodenplatte (Februar &#8211; M\u00e4rz 2023)<\/strong><\/p>\n\n\n\n<figure class=\"wp-block-video\"><video height=\"1080\" style=\"aspect-ratio: 1920 \/ 1080;\" width=\"1920\" controls src=\"https:\/\/nfg24.de\/w_press\/wp-content\/uploads\/2023\/05\/avc_Bauphase_1_Bodenplatte_1080p.mp4\"><\/video><\/figure>\n\n\n\n<h2 class=\"wp-block-heading\"><strong>Grundsteinlegung im Dezember<\/strong> 2022<\/h2>\n\n\n\n<p>Heute z\u00e4hlen wir an der nfg \u00fcber 700 Sch\u00fclerinnen und Sch\u00fcler und mehr als 60 Lehrkr\u00e4fte und Mitarbeiter. Daher setzen sich seit Jahren die Sch\u00fcler-, Lehrer- und Elternvertreter:innen mit der Schulleitung f\u00fcr die Schaffung einer Mensa und damit f\u00fcr eine gesunde und nachhaltige Essensversorgung aller an der neuen friedl\u00e4nder gesamtschule (nfg) ein.<\/p>\n\n\n\n<p>Am 02. Februar 2022 fand die letzte Bauplanungsbesprechung aller an der Planung der neuen Mensa Beteiligten statt. Nach Aussage des Amtsleiters lagen nunmehr alle F\u00f6rderbescheide und die Beteiligungszusage des Landes Mecklenburg-Vorpommern an der Finanzierung des Neubauten der Mensa vor und der Bauantrag wurde im ersten Quartal 2022 gestellt.<\/p>\n\n\n\n<p>Der Neubau der Mensa als eigenst\u00e4ndiges Geb\u00e4ude wird mit einem Verbindungsbau an die Nordseite der nfg an das Ende des \u201eBumerang\u201c gesetzt. Die Mensa mit 150 Sitzm\u00f6glichkeiten sowie eine Cafeteria nebst K\u00fcchen-, Sanit\u00e4r- und Wirtschaftsr\u00e4umen wird sich im Erdgeschoss befinden. In einer weiteren Ebene werden Lehr- und Lernr\u00e4ume mit teilweise flexiblen W\u00e4nden geschaffen. Die geplante Bauweise im Rundbau nimmt die moderne und anspruchsvolle Architektur unserer Schule auf. Ein weiterer Grund f\u00fcr den Rundbau, der sich in der Planung durchgesetzt hat, ist die h\u00f6chste Effizienz der Raumkapazit\u00e4t und eine erstrebenswerte Raumakustik. Mit jeweils ca. 500m\u00b2 Nutzfl\u00e4che auf zwei Ebenen schaffen wir h\u00f6chst modernen Raum und zeigen Zukunft f\u00fcr die nfg. Zukunftsorientiert ist auch die W\u00e4rme- und Energieversorgung. Diese erfolgt geplant \u00fcber W\u00e4rmepumpen und eine Fotovoltaikanlage.<\/p>\n\n\n\n<p>Am 15. Dezember 2022 wurde mit dem symbolischen 1. Spatenstich der Mensaanbau begonnen und wir hoffen, dass wir im Fr\u00fchjahr 2024 die neue Mensa einweihen k\u00f6nnen.<\/p>\n\n\n\n<p>Ralf Zeitz, Elternratsvorsitzender (Dezember 2022)<\/p>\n\n\n\n<figure class=\"wp-block-gallery has-nested-images columns-default is-cropped wp-block-gallery-1 is-layout-flex wp-block-gallery-is-layout-flex\">\n<figure class=\"wp-block-image size-large\"><img loading=\"lazy\" decoding=\"async\" width=\"800\" height=\"600\" data-id=\"5901\" src=\"https:\/\/nfg24.de\/w_press\/wp-content\/uploads\/2023\/05\/22-12-15-14-28-48-0461.jpg\" alt=\"\" class=\"wp-image-5901\" srcset=\"https:\/\/nfg24.de\/w_press\/wp-content\/uploads\/2023\/05\/22-12-15-14-28-48-0461.jpg 800w, https:\/\/nfg24.de\/w_press\/wp-content\/uploads\/2023\/05\/22-12-15-14-28-48-0461-400x300.jpg 400w, https:\/\/nfg24.de\/w_press\/wp-content\/uploads\/2023\/05\/22-12-15-14-28-48-0461-768x576.jpg 768w\" sizes=\"auto, (max-width: 800px) 100vw, 800px\" \/><\/figure>\n\n\n\n<figure class=\"wp-block-image size-large\"><img loading=\"lazy\" decoding=\"async\" width=\"800\" height=\"600\" data-id=\"5902\" src=\"https:\/\/nfg24.de\/w_press\/wp-content\/uploads\/2023\/05\/22-12-16-13-26-07-0460.jpg\" alt=\"\" class=\"wp-image-5902\" srcset=\"https:\/\/nfg24.de\/w_press\/wp-content\/uploads\/2023\/05\/22-12-16-13-26-07-0460.jpg 800w, https:\/\/nfg24.de\/w_press\/wp-content\/uploads\/2023\/05\/22-12-16-13-26-07-0460-400x300.jpg 400w, https:\/\/nfg24.de\/w_press\/wp-content\/uploads\/2023\/05\/22-12-16-13-26-07-0460-768x576.jpg 768w\" sizes=\"auto, (max-width: 800px) 100vw, 800px\" \/><\/figure>\n<\/figure>\n","protected":false},"excerpt":{"rendered":"<p>Anbau er\u00f6ffnet und im regen Betrieb Unser fertiger Schulanbau ist seit dem Schuljahr 2025\/2026 im vollen Betrieb. In den neuen Klassenr\u00e4ume haben aktuell die Klassen der 9G, 10G, 11 und 12 eine neue Heimat gefunden. &hellip; <a href=\"https:\/\/nfg24.de\/w_press\/startseite\/unser-neuer-schulanbau\/\">Weiterlesen<\/a><\/p>\n","protected":false},"author":1,"featured_media":0,"parent":2616,"menu_order":2,"comment_status":"closed","ping_status":"closed","template":"","meta":{"footnotes":""},"class_list":["post-5844","page","type-page","status-publish","hentry"],"_links":{"self":[{"href":"https:\/\/nfg24.de\/w_press\/wp-json\/wp\/v2\/pages\/5844","targetHints":{"allow":["GET"]}}],"collection":[{"href":"https:\/\/nfg24.de\/w_press\/wp-json\/wp\/v2\/pages"}],"about":[{"href":"https:\/\/nfg24.de\/w_press\/wp-json\/wp\/v2\/types\/page"}],"author":[{"embeddable":true,"href":"https:\/\/nfg24.de\/w_press\/wp-json\/wp\/v2\/users\/1"}],"replies":[{"embeddable":true,"href":"https:\/\/nfg24.de\/w_press\/wp-json\/wp\/v2\/comments?post=5844"}],"version-history":[{"count":18,"href":"https:\/\/nfg24.de\/w_press\/wp-json\/wp\/v2\/pages\/5844\/revisions"}],"predecessor-version":[{"id":7207,"href":"https:\/\/nfg24.de\/w_press\/wp-json\/wp\/v2\/pages\/5844\/revisions\/7207"}],"up":[{"embeddable":true,"href":"https:\/\/nfg24.de\/w_press\/wp-json\/wp\/v2\/pages\/2616"}],"wp:attachment":[{"href":"https:\/\/nfg24.de\/w_press\/wp-json\/wp\/v2\/media?parent=5844"}],"curies":[{"name":"wp","href":"https:\/\/api.w.org\/{rel}","templated":true}]}}