{"id":4269,"date":"2021-05-05T00:50:15","date_gmt":"2021-05-04T22:50:15","guid":{"rendered":"http:\/\/nfg24.de\/w_press\/?page_id=4269"},"modified":"2021-05-05T01:12:09","modified_gmt":"2021-05-04T23:12:09","slug":"art-to-go-abschlusspraesentationen-unserer-kunstkurse","status":"publish","type":"page","link":"https:\/\/nfg24.de\/w_press\/schulleben\/projekte\/art-to-go-abschlusspraesentationen-unserer-kunstkurse\/","title":{"rendered":"Art to Go &#8211; Abschlusspr\u00e4sentationen unserer Kunstkurse"},"content":{"rendered":"<p>Trotz aller Widrigkeiten des letzten Jahres wurde im letzten Halbjahr der 12. Klasse\u00a0 im Schulljahr 20\/21 kreativ und flei\u00dfig an den Abschlusspr\u00e4sentationen der Kunstkurse gearbeitet. W\u00e4hrend in all den Jahren zuvor Thema oder Technik oder auch beides mehr oder weniger eng vorgegeben war, ist es nun die Aufgabe der Sch\u00fcler:innen, eine ganz eigene Arbeit zu entwickeln, umzusetzen und entsprechend zu pr\u00e4sentieren. Schlie\u00dflich wollen wir uns ein ganzes Jahr lang an dieser Sch\u00fcler:innengalerie erfreuen.<\/p>\n<p>Leider konnte in diesem Jahr keine feierliche Vernissage stattfinden, sodass stattdessen als kleiner Ersatz den Werken ein QR-Code beigef\u00fcgt wurde. Damit kann auf die Konzeption zur\u00fcckgegriffen werden, um dadurch so manches zu den Referenzk\u00fcnstlerInnen, der Bildidee oder auch zum pers\u00f6nlichen Bezug erfahren zu k\u00f6nnen.<\/p>\n<p>Wir w\u00fcnschen den Besucher:innen dieser analogen als auch digitalen Galerie viel Vergn\u00fcgen beim Genuss von Kunst f\u00fcr unterwegs.<\/p>\n<p><img loading=\"lazy\" decoding=\"async\" class=\"aligncenter wp-image-4275\" src=\"http:\/\/nfg24.de\/w_press\/wp-content\/uploads\/2021\/05\/plakat-transparent-Grundkurs-mittig_1.jpg\" alt=\"\" width=\"1200\" height=\"780\" srcset=\"https:\/\/nfg24.de\/w_press\/wp-content\/uploads\/2021\/05\/plakat-transparent-Grundkurs-mittig_1.jpg 800w, https:\/\/nfg24.de\/w_press\/wp-content\/uploads\/2021\/05\/plakat-transparent-Grundkurs-mittig_1-400x260.jpg 400w, https:\/\/nfg24.de\/w_press\/wp-content\/uploads\/2021\/05\/plakat-transparent-Grundkurs-mittig_1-768x499.jpg 768w\" sizes=\"auto, (max-width: 1200px) 100vw, 1200px\" \/><\/p>\n","protected":false},"excerpt":{"rendered":"<p>Trotz aller Widrigkeiten des letzten Jahres wurde im letzten Halbjahr der 12. Klasse\u00a0 im Schulljahr 20\/21 kreativ und flei\u00dfig an den Abschlusspr\u00e4sentationen der Kunstkurse gearbeitet. W\u00e4hrend in all den Jahren zuvor Thema oder Technik oder &hellip; <a href=\"https:\/\/nfg24.de\/w_press\/schulleben\/projekte\/art-to-go-abschlusspraesentationen-unserer-kunstkurse\/\">Weiterlesen<\/a><\/p>\n","protected":false},"author":1,"featured_media":4271,"parent":14,"menu_order":0,"comment_status":"closed","ping_status":"closed","template":"fullwidth.php","meta":{"footnotes":""},"class_list":["post-4269","page","type-page","status-publish","has-post-thumbnail","hentry"],"_links":{"self":[{"href":"https:\/\/nfg24.de\/w_press\/wp-json\/wp\/v2\/pages\/4269","targetHints":{"allow":["GET"]}}],"collection":[{"href":"https:\/\/nfg24.de\/w_press\/wp-json\/wp\/v2\/pages"}],"about":[{"href":"https:\/\/nfg24.de\/w_press\/wp-json\/wp\/v2\/types\/page"}],"author":[{"embeddable":true,"href":"https:\/\/nfg24.de\/w_press\/wp-json\/wp\/v2\/users\/1"}],"replies":[{"embeddable":true,"href":"https:\/\/nfg24.de\/w_press\/wp-json\/wp\/v2\/comments?post=4269"}],"version-history":[{"count":4,"href":"https:\/\/nfg24.de\/w_press\/wp-json\/wp\/v2\/pages\/4269\/revisions"}],"predecessor-version":[{"id":4274,"href":"https:\/\/nfg24.de\/w_press\/wp-json\/wp\/v2\/pages\/4269\/revisions\/4274"}],"up":[{"embeddable":true,"href":"https:\/\/nfg24.de\/w_press\/wp-json\/wp\/v2\/pages\/14"}],"wp:featuredmedia":[{"embeddable":true,"href":"https:\/\/nfg24.de\/w_press\/wp-json\/wp\/v2\/media\/4271"}],"wp:attachment":[{"href":"https:\/\/nfg24.de\/w_press\/wp-json\/wp\/v2\/media?parent=4269"}],"curies":[{"name":"wp","href":"https:\/\/api.w.org\/{rel}","templated":true}]}}