{"id":4193,"date":"2021-04-07T12:11:37","date_gmt":"2021-04-07T10:11:37","guid":{"rendered":"http:\/\/nfg24.de\/w_press\/?page_id=4193"},"modified":"2025-09-07T09:27:25","modified_gmt":"2025-09-07T07:27:25","slug":"sitemap","status":"publish","type":"page","link":"https:\/\/nfg24.de\/w_press\/startseite\/sitemap\/","title":{"rendered":"Wo finden Sie welche Informationen"},"content":{"rendered":"<ul>\n<li>Aktuelle Neuigkeiten finden Sie in unseren <a href=\"https:\/\/nfg24.de\/w_press\/news\/\">News<\/a>. \u00c4ltere Meldungen k\u00f6nnen \u00fcber das Newsarchiv abgerufen werden.<\/li>\n<li>Ausk\u00fcnfte \u00fcber die <a href=\"https:\/\/nfg24.de\/w_press\/gremien\/schulleitung-und-ansprechpartner\/\">Schulleitung sowie Ansprechpartner<\/a> f\u00fcr konkrete Anfragen k\u00f6nnen Sie unter dem Men\u00fcpunkt Schulgremien nachlesen. Dort sind ebenfalls wichtige Informationen der <a href=\"https:\/\/nfg24.de\/w_press\/gremien\/schulkonferenz\/\">Schulkonferenz<\/a>, des <a href=\"https:\/\/nfg24.de\/w_press\/gremien\/schulelternrat\/\">Schulelternrates<\/a> sowie des <a href=\"https:\/\/nfg24.de\/w_press\/gremien\/schuelerrat\/\">Sch\u00fclerrates<\/a> zu finden.<\/li>\n<li>Sollten Sie Fragen zur profilischen Ausrichtung unserer Schule haben, k\u00f6nnen Sie in den einzelnen Untermen\u00fcs unsere <a href=\"https:\/\/nfg24.de\/w_press\/schulprofil\/\">schulischen Leits\u00e4tze<\/a>, unsere Konzepte des <a href=\"https:\/\/nfg24.de\/w_press\/schulprofil\/methodencurriculum\/\">Methodencurriculums<\/a> und der <a href=\"https:\/\/nfg24.de\/w_press\/schulprofil\/berufsorientierung\/\">Berufsorientierung<\/a>, unser <a href=\"https:\/\/nfg24.de\/w_press\/schulprofil\/ganztagsschule\/\">Ganztagsschulangebot<\/a> sowie alles Wichtige zur <a href=\"https:\/\/nfg24.de\/w_press\/schulprofil\/schulsozialarbeit\/\">Schulsozialarbeit<\/a> nachlesen.<\/li>\n<li>Wir sind der Auffassung, dass Schule f\u00fcr alle Beteiligten ein Ort sein soll, an dem sich ein jeder wohlf\u00fchlt. Einen \u00dcberblick \u00fcber unser gro\u00dfes Angebot an unterschiedlichen <a href=\"https:\/\/nfg24.de\/w_press\/schulleben\/exkursionen\/\">Exkursionen<\/a>, <a href=\"https:\/\/nfg24.de\/w_press\/schulleben\/projekte\/\">Projekten<\/a> und <a href=\"https:\/\/nfg24.de\/w_press\/schulleben\/wettbewerbe\/\">Wettbewerben <\/a>gibt Ihnen die M\u00f6glichkeit, sich davon selbst zu \u00fcberzeugen.<\/li>\n<li>Im Untermen\u00fc Internationales lernen Sie alles \u00fcber unsere <a href=\"https:\/\/nfg24.de\/w_press\/schulleben\/international\/schulpartnerschaft\/\">Schulpartnerschaft<\/a> sowie vergangene internationale Kooperationsprojekte kennen.<\/li>\n<li>Wollen Sie uns als einer unserer vielz\u00e4hligen <a href=\"https:\/\/nfg24.de\/w_press\/partner\/foerderer\/\">F\u00f6rderer<\/a> unterst\u00fctzen bzw. wissen, wer bereits zu unseren Partnern z\u00e4hlt, k\u00f6nnen Sie dies unter den Verlinkungen erfahren. Wir w\u00fcrden uns auch besonders freuen, wenn Sie Mitglied in unserem <a href=\"https:\/\/nfg24.de\/w_press\/partner\/schulverein\/\">Schulverein<\/a> werden. Die Satzung und alle Formulare haben wir f\u00fcr Sie auf der entsprechenden Unterseite zusammengetragen.<\/li>\n<li>Suchen Sie den aktuellen Vertretungsplan, Pr\u00fcfungs- und Klausurentermine, anstehende schulische Veranstaltungen oder auch die Ferienzeiten, k\u00f6nnen Sie diese \u00fcber die \u00f6ffentlichen <a href=\"https:\/\/nfg24.de\/w_press\/service\/\">Planungsdokumente<\/a> einsehen.<\/li>\n<li>Sollten Sie weiteren Fragen oder Anliegen haben und auf unserer Homepage nicht dazu f\u00fcndig werden, schicken Sie uns gerne eine E-Mail oder rufen Sie uns an. Alle Daten finden sie \u00fcber unsere <a href=\"https:\/\/nfg24.de\/w_press\/kontakt\/\">Kontakt\u00fcbersicht<\/a>.<\/li>\n<\/ul>\n","protected":false},"excerpt":{"rendered":"<p>Aktuelle Neuigkeiten finden Sie in unseren News. \u00c4ltere Meldungen k\u00f6nnen \u00fcber das Newsarchiv abgerufen werden. Ausk\u00fcnfte \u00fcber die Schulleitung sowie Ansprechpartner f\u00fcr konkrete Anfragen k\u00f6nnen Sie unter dem Men\u00fcpunkt Schulgremien nachlesen. Dort sind ebenfalls wichtige &hellip; <a href=\"https:\/\/nfg24.de\/w_press\/startseite\/sitemap\/\">Weiterlesen<\/a><\/p>\n","protected":false},"author":1,"featured_media":4268,"parent":2616,"menu_order":3,"comment_status":"closed","ping_status":"closed","template":"nosidebar.php","meta":{"footnotes":""},"class_list":["post-4193","page","type-page","status-publish","has-post-thumbnail","hentry"],"_links":{"self":[{"href":"https:\/\/nfg24.de\/w_press\/wp-json\/wp\/v2\/pages\/4193","targetHints":{"allow":["GET"]}}],"collection":[{"href":"https:\/\/nfg24.de\/w_press\/wp-json\/wp\/v2\/pages"}],"about":[{"href":"https:\/\/nfg24.de\/w_press\/wp-json\/wp\/v2\/types\/page"}],"author":[{"embeddable":true,"href":"https:\/\/nfg24.de\/w_press\/wp-json\/wp\/v2\/users\/1"}],"replies":[{"embeddable":true,"href":"https:\/\/nfg24.de\/w_press\/wp-json\/wp\/v2\/comments?post=4193"}],"version-history":[{"count":5,"href":"https:\/\/nfg24.de\/w_press\/wp-json\/wp\/v2\/pages\/4193\/revisions"}],"predecessor-version":[{"id":6997,"href":"https:\/\/nfg24.de\/w_press\/wp-json\/wp\/v2\/pages\/4193\/revisions\/6997"}],"up":[{"embeddable":true,"href":"https:\/\/nfg24.de\/w_press\/wp-json\/wp\/v2\/pages\/2616"}],"wp:featuredmedia":[{"embeddable":true,"href":"https:\/\/nfg24.de\/w_press\/wp-json\/wp\/v2\/media\/4268"}],"wp:attachment":[{"href":"https:\/\/nfg24.de\/w_press\/wp-json\/wp\/v2\/media?parent=4193"}],"curies":[{"name":"wp","href":"https:\/\/api.w.org\/{rel}","templated":true}]}}