{"id":4173,"date":"2021-04-07T11:06:54","date_gmt":"2021-04-07T09:06:54","guid":{"rendered":"http:\/\/nfg24.de\/w_press\/?page_id=4173"},"modified":"2021-12-21T12:34:16","modified_gmt":"2021-12-21T11:34:16","slug":"newsarchiv-des-schulelternrates","status":"publish","type":"page","link":"https:\/\/nfg24.de\/w_press\/gremien\/schulelternrat\/newsarchiv-des-schulelternrates\/","title":{"rendered":"Newsarchiv des Schulelternrates"},"content":{"rendered":"<h2>Hier finden Sie \u00e4ltere News- und Informationsbeitr\u00e4ge des Schulelternrates.<\/h2>\n<p>&nbsp;<\/p>\n<hr \/>\n<h3>Juli 2021<\/h3>\n<p><strong>Sommerpause verdient!<\/strong><\/p>\n<p>Auch das 2. Schulhalbjahr 2020\/2021 war von der Pandemie gepr\u00e4gt \u2013 dennoch waren wir vom Schulelternrat aktiv und haben Projekte fortgef\u00fchrt und viele neue Ziele abgesteckt.<\/p>\n<p>In kontinuierlicher Zusammenarbeit mit der Schulleitung haben wir alles, was in den Phasen der Pandemie m\u00f6glich war, umsetzen k\u00f6nnen. Der Schulelternrat war stets Ansprechpartner und hat sich f\u00fcr Sie stark gemacht. In zahlreichen Gespr\u00e4chen, Onlinesitzungen und Hybridveranstaltungen konnten Probleme gekl\u00e4rt und die Qualit\u00e4t des \u201eMiteinander\u201c in dieser herausfordernden Zeit gef\u00f6rdert werden. Abstandsregeln, Maskenpflicht und Testungen in der Schule wurden von allen gemeistert. Eine Situation, in die wir alle, sowohl die Sch\u00fcler:innen, Lehrer:innen und wir als Eltern, hineinwachsen mussten. Das dem Bildungsministerium seit Jahren bekannte Problem des Lehrermangels wurde mit voller Wucht sichtbar. Ein Aufwachen der Politik scheint gelungen zu sein. An der Basis in den Schulen darf nun an Konzepten gearbeitet werden, wie wir Schule in den n\u00e4chsten Jahren des uns begleitenden Lehrermangels neu definieren, wie wir Schule neugestalten. Eine gro\u00dfe Chance unter Einbindung der vorhandenen Technik mit stetiger Weiterentwicklung unseres Medienbildungskonzepts. Als eine technisch gut ausger\u00fcstete Schule unseres Landkreises k\u00f6nnen wir gemeinsam neue Wege beschreiten. Der Breitbandausbau in unserem Einzugsbereich geht erfreulicher Weise voran. Zudem er\u00f6ffnet uns die Tatsache, dass wir eine Referandariatsschule sind die Chance, mit vorhandenen Projekten neue Lehrkr\u00e4fte direkt nach dem Studium zu gewinnen. Wir sind offen f\u00fcr neue Projekte, die in Zusammenarbeit mit Sch\u00fcler:innen, Lehrer:innen und uns Eltern umgesetzt werden, um das Lehren und Lernen an der nfg weiterhin attraktiv zu gestalten. Mit diesen Gedanken sind aus unserem Gremium heraus die Arbeitskreise Schulgarten, Schulwegsicherung und Atriumbelebung entstanden. Die Gr\u00fcndungsmitglieder der Arbeitskreise arbeiten an Konzepten und Ideen, um im neuen Schuljahr auch sichtbar f\u00fcr alle zu starten. Alle Interessierten sind eingeladen mitzumachen. Kontakte k\u00f6nnen \u00fcber die Homepage gekn\u00fcpft werden. Gestalten wir Schule gemeinsam! An dieser Stelle m\u00f6chten wir nochmals den Aufruf starten, sich im Ganztagsschulbereich einzubringen \u2013 hier haben Sie alle die M\u00f6glichkeit, Schule lebensnah mitzugestalten. Nehmen Sie Kontakt auf und unterbreiten Sie Ihre Ideen. Gemeinsam wachsen daraus wunderbare Konzepte. Einen gro\u00dfen Schritt haben wir in der Planung des Anbaus f\u00fcr die Mensa sowie weiterer Lehr- und Lernr\u00e4ume machen k\u00f6nnen. Der erste Spatenstich ist nah. Ein gro\u00dfes Projekt, ein- und angepasst an die moderne, zeitlose Architektur der nfg. Abschlie\u00dfend w\u00fcnschen wir allen Absolvent:innen unserer Schule nach diesem au\u00dfergew\u00f6hnlichen Schuljahr einen tollen Start ins Leben \u201eda drau\u00dfen\u201c und viel Erfolg bei Ausbildung und Studium \u2013 ihr werdet euren Weg finden! F\u00fcr das neue Schuljahr w\u00fcnschen wir allen nach dem Krafttanken \u00fcber die Ferien einen guten Start in das Schuljahr 2021\/2022. Wir sind f\u00fcr Sie da \u2013 sprechen Sie uns an!<\/p>\n<p>Gemeinsam stark durch die Schule!<br \/>\nIhr Schulelternrat<\/p>\n<hr \/>\n<h3>M\u00e4rz 2021<\/h3>\n<p>Sehr geehrte Eltern,<br \/>\nan dieser Stelle m\u00f6chten wir Sie \u00fcber die Schulelternratssitzung am 10.M\u00e4rz 2021 informieren. Diese Veranstaltung hat als \u201eHybridveranstaltung\u201c stattgefunden.<\/p>\n<p>Im Schulelternrat sind die Klassenstufen 5 bis 11 unserer Schule mit 28 Klassen vertreten. An der Veranstaltung haben 24 Vertreter teilgenommen.<\/p>\n<p>Der Schulelternrat nutzt die schulinterne Kommunikationsplattform <strong>SDUI<\/strong>.<\/p>\n<p>An dieser Stelle m\u00f6chten wir Sie nochmals anhalten die<strong> Anmeldung bei SDUI<\/strong>, soweit noch nicht erfolgt, vorzunehmen. Sie k\u00f6nnen auf diese einfache Weise mit Informationen versorgt werden und in Kommunikation miteinander treten ohne pers\u00f6nliche Daten wie E-Mailadressen oder Telefonnummern offen zu legen.<\/p>\n<p>Ein gro\u00dfes <strong>DANKE<\/strong> an all die Eltern, die unserem Aufruf \u201eDer Schulelternrat bittet um Feedback\u201c gefolgt sind und uns ihre Sicht zum derzeitigen Ablauf von Schule in Pr\u00e4senz und Distanz gegeben haben. Wir danken f\u00fcr aufgezeigte Kritik aber auch f\u00fcr positive R\u00fcckmeldungen. Alle Reaktionen und Anregungen wurden ausgewertet und an die Schulleitung herangetragen. Es fand ein reger Austausch zu Fragen der Bewertung im laufenden Schuljahr, zur Nutzung und Aussch\u00f6pfung der vorhandenen Technik, zur Kommunikation zwischen LehrerInnen und Sch\u00fclerInnen, zum Sportunterricht, zum Impfangebot f\u00fcr LehrerInnen, zu den Schnelltests an Schulen, zu freiwilligen Wiederholungen des Schuljahres als auch zur k\u00fcnftigen Gestaltung des Schulalltags unter Pandemiebedingungen statt.<\/p>\n<p>Die Auswertung hierzu wird in allen Gremien erfolgen und auf der Schulkonferenz am 14.April 2021 endbewertet. Die Pr\u00e4sentation des Schulleiters finden Sie <a href=\"http:\/\/nfg24.de\/w_press\/gremien\/schulelternrat\/sitzungspraesentation\/\">hier<\/a>.<\/p>\n<p>Kommunikation ist das <strong>A und O<\/strong> einer gut funktionierenden Zusammenarbeit zwischen Schule und Eltern. Hier konnten wir erreichen, dass jeder Lehrerin und jedem Lehrer in der Schulcloud die Dienst-Mail zugeordnet wurde. Somit besteht die M\u00f6glichkeit bei Bedarf den direkten Kontakt zur Fachlehrerin\/zum Fachlehrer aufzunehmen. Eine weitere M\u00f6glichkeit ist \u00fcber das Sekretariat gegeben (sekretariat@nfg24.de). Die Anfrage wird dann auf diesem Wege an die jeweilige Lehrkraft weitergeleitet.<\/p>\n<p>Bei Fragen sind wir f\u00fcr Sie da! Sprechen Sie Ihren Vertreter der Klasse an!<strong><br \/>\n<\/strong>Nutzen Sie die Kommunikationsplattform SDUI und unsere E-Mailadresse!<\/p>\n<p>Herzliche Gr\u00fc\u00dfe<br \/>\nIhr Schulelternrat<\/p>\n<hr \/>\n<h3>Januar 2021<\/h3>\n<p>Liebe Sch\u00fclerinnen und Sch\u00fcler,<br \/>\nliebe Lehrerinnen und Lehrer,<br \/>\nliebe Elternschaft der nfg,<\/p>\n<p>das n\u00e4chste Treffen des Schulelternrates soll in der Woche nach den Winterferien stattfinden, um einmal zur\u00fcckzublicken und eine Auswertung dessen vorzunehmen, wie die Zeit seit M\u00e4rz 2020 von allen Beteiligten genutzt und bew\u00e4ltigt wurde. Daf\u00fcr bitten wir Sie und Euch alle um kurze Erfahrungsberichte, Stellungnahmen und Feedback. Nutzen Sie die Ihnen und Euch bekannten Kommunikationswege \u2013 die E-Mail-Adresse des Schulelternrats (schulelternrat@nfg24.de), die schulinterne Nachrichtenplattform Sdui, die jeweiligen Elternratsvorsitzenden der Klassen, die jeweiligen Klassen- bzw. Sch\u00fclersprecher sowie die Klassenlehrerinnen und Klassenlehrer. Wir hoffen auf rege Beteiligung, sodass wir ein vollumfassendes Bild bekommen.<\/p>\n<p>Gleichzeitig m\u00f6chten wir vom Schulelternrat einen Applaus spenden, f\u00fcr eine tolle und sehr gelungene Aktion &#8222;Wir laufen wieder &#8211; virtuell!&#8220; und die starke Beteiligung aller daran.<br \/>\nGemeinsam stark durch Schule!<\/p>\n<p>Herzliche Gr\u00fc\u00dfe<br \/>\nIhr Schulelternrat<\/p>\n<hr \/>\n<h3>Dezember 2020<\/h3>\n<p>Am 10. Dezember 2020 trafen sich die Vertreter des Schulelternrates mit dem Schulleiter Herrn B\u00f6hnke zum Informationsaustausch.Gemeinsam standen alle Vertreterinnen und Vertreter hinter der aktuell gefahrenen Linie der Schulleitung in der Corona-Pandemie. Auf das nun vor uns stehende Homeschooling in der Woche vor und nach den Weihnachtsferien sind sowohl LehrerInnen als auch Sch\u00fclerInnen gut vorbereitet. Gemeinsam wurde hier seit Beginn der Pandemie viel erreicht. Aktuelle Probleme wurden besprochen, Fragen gestellt und beantwortet oder zur Kl\u00e4rung mitgenommen. Eine ganz tolle Sache sind die am 26. Oktober 2020 auf der Schulkonferenz ins Leben gerufenen Arbeitskreise &#8222;<em>Schulwegsicherung\u201c<\/em>, &#8222;<em>Nutzung des Atriums<\/em>&#8220; und &#8222;<em>Schulgarten<\/em>&#8222;. Es fanden sich auf dem Schulelternrat weitere Gr\u00fcndungsmitglieder der einzelnen Arbeitskreise. Diese werden nun gemeinsam ihre Arbeit aufnehmen und im neuen Jahr alle interessierten Lehrerinnen und Lehrer, Sch\u00fclerinnen und Sch\u00fcler, Eltern und Akteure in und um Friedland zum Mitmachen einladen.<\/p>\n","protected":false},"excerpt":{"rendered":"<p>Hier finden Sie \u00e4ltere News- und Informationsbeitr\u00e4ge des Schulelternrates. &nbsp; Juli 2021 Sommerpause verdient! Auch das 2. Schulhalbjahr 2020\/2021 war von der Pandemie gepr\u00e4gt \u2013 dennoch waren wir vom Schulelternrat aktiv und haben Projekte fortgef\u00fchrt &hellip; <a href=\"https:\/\/nfg24.de\/w_press\/gremien\/schulelternrat\/newsarchiv-des-schulelternrates\/\">Weiterlesen<\/a><\/p>\n","protected":false},"author":1,"featured_media":1082,"parent":2749,"menu_order":0,"comment_status":"closed","ping_status":"closed","template":"","meta":{"footnotes":""},"class_list":["post-4173","page","type-page","status-publish","has-post-thumbnail","hentry"],"_links":{"self":[{"href":"https:\/\/nfg24.de\/w_press\/wp-json\/wp\/v2\/pages\/4173","targetHints":{"allow":["GET"]}}],"collection":[{"href":"https:\/\/nfg24.de\/w_press\/wp-json\/wp\/v2\/pages"}],"about":[{"href":"https:\/\/nfg24.de\/w_press\/wp-json\/wp\/v2\/types\/page"}],"author":[{"embeddable":true,"href":"https:\/\/nfg24.de\/w_press\/wp-json\/wp\/v2\/users\/1"}],"replies":[{"embeddable":true,"href":"https:\/\/nfg24.de\/w_press\/wp-json\/wp\/v2\/comments?post=4173"}],"version-history":[{"count":4,"href":"https:\/\/nfg24.de\/w_press\/wp-json\/wp\/v2\/pages\/4173\/revisions"}],"predecessor-version":[{"id":4773,"href":"https:\/\/nfg24.de\/w_press\/wp-json\/wp\/v2\/pages\/4173\/revisions\/4773"}],"up":[{"embeddable":true,"href":"https:\/\/nfg24.de\/w_press\/wp-json\/wp\/v2\/pages\/2749"}],"wp:featuredmedia":[{"embeddable":true,"href":"https:\/\/nfg24.de\/w_press\/wp-json\/wp\/v2\/media\/1082"}],"wp:attachment":[{"href":"https:\/\/nfg24.de\/w_press\/wp-json\/wp\/v2\/media?parent=4173"}],"curies":[{"name":"wp","href":"https:\/\/api.w.org\/{rel}","templated":true}]}}