{"id":41,"date":"2016-10-20T12:01:30","date_gmt":"2016-10-20T10:01:30","guid":{"rendered":"http:\/\/nfg24.de\/w_press\/?page_id=41"},"modified":"2024-04-28T23:07:54","modified_gmt":"2024-04-28T21:07:54","slug":"ganztagsschule","status":"publish","type":"page","link":"https:\/\/nfg24.de\/w_press\/schulprofil\/ganztagsschule\/","title":{"rendered":"Ganztagsschule"},"content":{"rendered":"<p style=\"text-align: justify;\">Die neue friedl\u00e4nder gesamtschule ist eine Ganztagsschule in offener Form. Der Unterricht ist rhythmisiert und zus\u00e4tzlich werden Kurse au\u00dferhalb des Unterrichts angeboten. Die Kurse beinhalten Angebote zur F\u00f6rderung und Freizeitgestaltung nach Interessen und Neigungen. Die Einwahl in die Kurse erfolgt \u00fcber Frau Gromann und die KlassenleiterInnen.<br \/>Einer unserer vielen externen Kooperationspartner ist dabei der <em>TSV Friedland 1814 e.V<\/em>.\u00a0 Um ein breites Angebot vorhalten zu k\u00f6nnen, sind uns weitere Partner stets willkommen. Interessenten melden sich bitte bei Frau Gromann.<\/p>\n\n\n<div class=\"wp-block-file\"><a id=\"wp-block-file--media-4b0e7a81-083c-4d98-9762-9db660f75aa0\" href=\"https:\/\/nfg24.de\/w_press\/wp-content\/uploads\/2024\/04\/Aenderungen-GTS-Angebote-22.4.2024.pdf\">Aenderungen-GTS-Angebote-22.4.2024<\/a><a href=\"https:\/\/nfg24.de\/w_press\/wp-content\/uploads\/2024\/04\/Aenderungen-GTS-Angebote-22.4.2024.pdf\" class=\"wp-block-file__button wp-element-button\" download aria-describedby=\"wp-block-file--media-4b0e7a81-083c-4d98-9762-9db660f75aa0\">Herunterladen<\/a><\/div>\n","protected":false},"excerpt":{"rendered":"<p>Die neue friedl\u00e4nder gesamtschule ist eine Ganztagsschule in offener Form. Der Unterricht ist rhythmisiert und zus\u00e4tzlich werden Kurse au\u00dferhalb des Unterrichts angeboten. Die Kurse beinhalten Angebote zur F\u00f6rderung und Freizeitgestaltung nach Interessen und Neigungen. Die &hellip; <a href=\"https:\/\/nfg24.de\/w_press\/schulprofil\/ganztagsschule\/\">Weiterlesen<\/a><\/p>\n","protected":false},"author":1,"featured_media":0,"parent":4,"menu_order":4,"comment_status":"closed","ping_status":"closed","template":"fullwidth.php","meta":{"footnotes":""},"class_list":["post-41","page","type-page","status-publish","hentry"],"_links":{"self":[{"href":"https:\/\/nfg24.de\/w_press\/wp-json\/wp\/v2\/pages\/41","targetHints":{"allow":["GET"]}}],"collection":[{"href":"https:\/\/nfg24.de\/w_press\/wp-json\/wp\/v2\/pages"}],"about":[{"href":"https:\/\/nfg24.de\/w_press\/wp-json\/wp\/v2\/types\/page"}],"author":[{"embeddable":true,"href":"https:\/\/nfg24.de\/w_press\/wp-json\/wp\/v2\/users\/1"}],"replies":[{"embeddable":true,"href":"https:\/\/nfg24.de\/w_press\/wp-json\/wp\/v2\/comments?post=41"}],"version-history":[{"count":14,"href":"https:\/\/nfg24.de\/w_press\/wp-json\/wp\/v2\/pages\/41\/revisions"}],"predecessor-version":[{"id":6402,"href":"https:\/\/nfg24.de\/w_press\/wp-json\/wp\/v2\/pages\/41\/revisions\/6402"}],"up":[{"embeddable":true,"href":"https:\/\/nfg24.de\/w_press\/wp-json\/wp\/v2\/pages\/4"}],"wp:attachment":[{"href":"https:\/\/nfg24.de\/w_press\/wp-json\/wp\/v2\/media?parent=41"}],"curies":[{"name":"wp","href":"https:\/\/api.w.org\/{rel}","templated":true}]}}