{"id":407,"date":"2017-05-25T14:56:24","date_gmt":"2017-05-25T12:56:24","guid":{"rendered":"http:\/\/nfg24.de\/w_press\/?page_id=407"},"modified":"2017-10-14T19:03:52","modified_gmt":"2017-10-14T17:03:52","slug":"mittelalter","status":"publish","type":"page","link":"https:\/\/nfg24.de\/w_press\/schulleben\/projekte\/mittelalter\/","title":{"rendered":"Mittelalter"},"content":{"rendered":"<p>Harzreisen \u2013 Zeitreisen<\/p>\n<p style=\"text-align: justify;\">\u201eNur wo du zu Fu\u00df warst, bist du auch wirklich gewesen\u201c, wusste schon Johann Wolfgang von Goethe. Und so erlaufen wir uns Jahr f\u00fcr Jahr mit den 7. Klassen unserer Schule nicht nur den sch\u00f6nen Harz, sondern damit auch die Zeit des Mittelalters. Zwar sind auch in Friedland sp\u00e4tmittelalterliche Spuren zu finden, doch beschr\u00e4nkt sich das doch auf die Backsteingotik der Marienkirche, Romanik oder fr\u00fche Gotik sind jedoch \u00f6stlich der Elbe kaum zu finden, da hier slawisches Gebiet war.<br \/>\nDagegen k\u00f6nnen wir in den St\u00e4dten und Burgen des Harzes Mittelalter noch ganz hautnah erleben: auf der Burg Falkenstein erhalten wir einen historischen Einblick in die Verteidigungstechniken und Lebensbedingungen einer mittelalterlichen Burgsiedlung. Gernrode und Quedlinburg mit seinen romanischen Stiftskirchen geben Einblick in die Bedeutung der Kirchen in der damaligen Zeit. Wundersch\u00f6ne Kreuzg\u00e4nge, die sogar als Filmkulisse\u00a0 f\u00fcr \u201eDie P\u00e4pstin\u201c dienten, bieten uns gen\u00fcgend Motive f\u00fcr architektonische Zeichnungen, in den stillen Krypten wird die mystische Stimmung greifbar, wenn man auf Gr\u00e4bern mittelalterlicher Herrscher steht. Und in Magdeburg erleben wir den Gegensatz von feingliedrigem gotischem Ma\u00dfwerk zu dem bunten Innenhof von Hundertwassers \u201eGr\u00fcner Zitadelle\u201c.<br \/>\nViel zu Fu\u00df sind wir au\u00dferdem in den Fachwerkst\u00e4dten mit den verwinkelten, kleinen Str\u00e4\u00dfchen und Gassen, aber auch in den sch\u00f6nen Harzer Bergen beim morgendlichen Waldlauf.<br \/>\nSo k\u00f6nnen unsere Sch\u00fclerInnen das bisweilen trockene Lehrbuchwissen durch eigenes Erleben vertiefen und aus vielen verschiedenen Perspektiven betrachten. Sehen lernen und damit auch das heimatliche Umfeld neu und bewusst wahrnehmen, kann nur gelingen, wenn mit Neuem und Fremdem abgeglichen werden kann.<br \/>\nDass dazu auch Spa\u00df und Vergn\u00fcgen, abendlicher Unfug, Chaos in den Zimmern nach Chips- und Kissenschlachten, \u00c4ngsten auf der Sommerrodelbahn oder leckeres Eis geh\u00f6ren, machen die Fahrt auch f\u00fcr die Klassengemeinschaften zu einem unvergesslichen Erlebnis.<\/p>\n<div id=\"metaslider-id-411\" style=\"max-width: 600px; margin: 0 auto;\" class=\"ml-slider-3-108-0 metaslider metaslider-flex metaslider-411 ml-slider has-dots-nav ms-theme-default\" role=\"region\" aria-label=\"Harzreise\" data-height=\"600\" data-width=\"600\">\n    <div id=\"metaslider_container_411\">\n        <div id=\"metaslider_411\" class=\"flexslider\">\n            <ul class='slides'>\n                <li style=\"display: block; width: 100%;\" class=\"slide-419 ms-image \" aria-roledescription=\"slide\" data-date=\"2017-05-25 15:03:30\" data-filename=\"Harzreise-2-600x600.jpg\" data-slide-type=\"image\"><img loading=\"lazy\" decoding=\"async\" src=\"https:\/\/nfg24.de\/w_press\/wp-content\/uploads\/2017\/05\/Harzreise-2-600x600.jpg\" height=\"600\" width=\"600\" alt=\"\" class=\"slider-411 slide-419 msDefaultImage\" \/><\/li>\n                <li style=\"display: none; width: 100%;\" class=\"slide-420 ms-image \" aria-roledescription=\"slide\" data-date=\"2017-05-25 15:03:30\" data-filename=\"Harzreise-3-600x600.jpg\" data-slide-type=\"image\"><img loading=\"lazy\" decoding=\"async\" src=\"https:\/\/nfg24.de\/w_press\/wp-content\/uploads\/2017\/05\/Harzreise-3-600x600.jpg\" height=\"600\" width=\"600\" alt=\"\" class=\"slider-411 slide-420 msDefaultImage\" \/><\/li>\n                <li style=\"display: none; width: 100%;\" class=\"slide-421 ms-image \" aria-roledescription=\"slide\" data-date=\"2017-05-25 15:03:30\" data-filename=\"Harzreise-4-600x600.jpg\" data-slide-type=\"image\"><img loading=\"lazy\" decoding=\"async\" src=\"https:\/\/nfg24.de\/w_press\/wp-content\/uploads\/2017\/05\/Harzreise-4-600x600.jpg\" height=\"600\" width=\"600\" alt=\"\" class=\"slider-411 slide-421 msDefaultImage\" \/><\/li>\n                <li style=\"display: none; width: 100%;\" class=\"slide-422 ms-image \" aria-roledescription=\"slide\" data-date=\"2017-05-25 15:03:31\" data-filename=\"Harzreise-5-600x600.jpg\" data-slide-type=\"image\"><img loading=\"lazy\" decoding=\"async\" src=\"https:\/\/nfg24.de\/w_press\/wp-content\/uploads\/2017\/05\/Harzreise-5-600x600.jpg\" height=\"600\" width=\"600\" alt=\"\" class=\"slider-411 slide-422 msDefaultImage\" \/><\/li>\n                <li style=\"display: none; width: 100%;\" class=\"slide-423 ms-image \" aria-roledescription=\"slide\" data-date=\"2017-05-25 15:03:31\" data-filename=\"Harzreise-6-600x600.jpg\" data-slide-type=\"image\"><img loading=\"lazy\" decoding=\"async\" src=\"https:\/\/nfg24.de\/w_press\/wp-content\/uploads\/2017\/05\/Harzreise-6-600x600.jpg\" height=\"600\" width=\"600\" alt=\"\" class=\"slider-411 slide-423 msDefaultImage\" \/><\/li>\n                <li style=\"display: none; width: 100%;\" class=\"slide-424 ms-image \" aria-roledescription=\"slide\" data-date=\"2017-05-25 15:03:31\" data-filename=\"Harzreise-7-600x600.jpg\" data-slide-type=\"image\"><img loading=\"lazy\" decoding=\"async\" src=\"https:\/\/nfg24.de\/w_press\/wp-content\/uploads\/2017\/05\/Harzreise-7-600x600.jpg\" height=\"600\" width=\"600\" alt=\"\" class=\"slider-411 slide-424 msDefaultImage\" \/><\/li>\n                <li style=\"display: none; width: 100%;\" class=\"slide-425 ms-image \" aria-roledescription=\"slide\" data-date=\"2017-05-25 15:03:31\" data-filename=\"Harzreise-8-600x600.jpg\" data-slide-type=\"image\"><img loading=\"lazy\" decoding=\"async\" src=\"https:\/\/nfg24.de\/w_press\/wp-content\/uploads\/2017\/05\/Harzreise-8-600x600.jpg\" height=\"600\" width=\"600\" alt=\"\" class=\"slider-411 slide-425 msDefaultImage\" \/><\/li>\n                <li style=\"display: none; width: 100%;\" class=\"slide-426 ms-image \" aria-roledescription=\"slide\" data-date=\"2017-05-25 15:03:31\" data-filename=\"Harzreise-1-600x600.jpg\" data-slide-type=\"image\"><img loading=\"lazy\" decoding=\"async\" src=\"https:\/\/nfg24.de\/w_press\/wp-content\/uploads\/2016\/10\/Harzreise-1-600x600.jpg\" height=\"600\" width=\"600\" alt=\"\" class=\"slider-411 slide-426 msDefaultImage\" \/><\/li>\n            <\/ul>\n        <\/div>\n        \n    <\/div>\n<\/div>\n","protected":false},"excerpt":{"rendered":"<p>Harzreisen \u2013 Zeitreisen \u201eNur wo du zu Fu\u00df warst, bist du auch wirklich gewesen\u201c, wusste schon Johann Wolfgang von Goethe. Und so erlaufen wir uns Jahr f\u00fcr Jahr mit den 7. Klassen unserer Schule nicht &hellip; <a href=\"https:\/\/nfg24.de\/w_press\/schulleben\/projekte\/mittelalter\/\">Weiterlesen<\/a><\/p>\n","protected":false},"author":1,"featured_media":0,"parent":14,"menu_order":0,"comment_status":"closed","ping_status":"closed","template":"fullwidth.php","meta":{"footnotes":""},"class_list":["post-407","page","type-page","status-publish","hentry"],"_links":{"self":[{"href":"https:\/\/nfg24.de\/w_press\/wp-json\/wp\/v2\/pages\/407","targetHints":{"allow":["GET"]}}],"collection":[{"href":"https:\/\/nfg24.de\/w_press\/wp-json\/wp\/v2\/pages"}],"about":[{"href":"https:\/\/nfg24.de\/w_press\/wp-json\/wp\/v2\/types\/page"}],"author":[{"embeddable":true,"href":"https:\/\/nfg24.de\/w_press\/wp-json\/wp\/v2\/users\/1"}],"replies":[{"embeddable":true,"href":"https:\/\/nfg24.de\/w_press\/wp-json\/wp\/v2\/comments?post=407"}],"version-history":[{"count":4,"href":"https:\/\/nfg24.de\/w_press\/wp-json\/wp\/v2\/pages\/407\/revisions"}],"predecessor-version":[{"id":1231,"href":"https:\/\/nfg24.de\/w_press\/wp-json\/wp\/v2\/pages\/407\/revisions\/1231"}],"up":[{"embeddable":true,"href":"https:\/\/nfg24.de\/w_press\/wp-json\/wp\/v2\/pages\/14"}],"wp:attachment":[{"href":"https:\/\/nfg24.de\/w_press\/wp-json\/wp\/v2\/media?parent=407"}],"curies":[{"name":"wp","href":"https:\/\/api.w.org\/{rel}","templated":true}]}}