{"id":4,"date":"2016-10-18T12:38:42","date_gmt":"2016-10-18T10:38:42","guid":{"rendered":"http:\/\/nfg24.de\/w_press\/?page_id=4"},"modified":"2021-01-06T17:21:56","modified_gmt":"2021-01-06T16:21:56","slug":"schulprofil","status":"publish","type":"page","link":"https:\/\/nfg24.de\/w_press\/schulprofil\/","title":{"rendered":"Schulprofil"},"content":{"rendered":"<h1>Unsere schulischen Leits\u00e4tze<\/h1>\n<h3>Leitsatz 1<\/h3>\n<p>Wir f\u00f6rdern mit einem vielf\u00e4ltigen Bildungsangebot und durch Anwendung moderner p\u00e4dagogischer Konzepte den individuellen Wissenserwerb, die Kreativit\u00e4t und die Herausbildung von Komptenzen bei unseren Sch\u00fclerinnen und Sch\u00fclern, um sie zur selbstbestimmten Teilhabe und Mitgestaltung an der Gesellschaft zu bef\u00e4higen.<\/p>\n<h3>Leitsatz 2<\/h3>\n<p>Wir erm\u00f6glichen es unseren Sch\u00fclerinnen und Sch\u00fclern, sich vielf\u00e4ltig auszuprobieren, zu orientieren und sich gemeinsam mit regionalen und \u00fcberregionalen Partnern langfristig und zielgerichtet auf Berufsausbildung und Studium vorzubereiten.<\/p>\n<h3>Leitsatz 3<\/h3>\n<p>Wir stehen f\u00fcr einen leistungsorientierten Unterricht; Leistungsbereitschaft wird gefordert, gef\u00f6rdert und anerkannt.<\/p>\n<h3>Leitsatz 4<\/h3>\n<p>Wir legen an unserer Schule Wert auf ein offenes, vertrauensvolles und von gegenseitiger Achtung gepr\u00e4gtes Miteinander von Sch\u00fclern, Eltern und Lehrern.<\/p>\n<h3>Leitsatz 5<\/h3>\n<p>Wir verstehen uns als Zentrum der Bildung und Begegnung in der Region.<\/p>\n","protected":false},"excerpt":{"rendered":"<p>Unsere schulischen Leits\u00e4tze Leitsatz 1 Wir f\u00f6rdern mit einem vielf\u00e4ltigen Bildungsangebot und durch Anwendung moderner p\u00e4dagogischer Konzepte den individuellen Wissenserwerb, die Kreativit\u00e4t und die Herausbildung von Komptenzen bei unseren Sch\u00fclerinnen und Sch\u00fclern, um sie zur &hellip; <a href=\"https:\/\/nfg24.de\/w_press\/schulprofil\/\">Weiterlesen<\/a><\/p>\n","protected":false},"author":1,"featured_media":1086,"parent":0,"menu_order":0,"comment_status":"closed","ping_status":"closed","template":"fullwidth.php","meta":{"footnotes":""},"class_list":["post-4","page","type-page","status-publish","has-post-thumbnail","hentry"],"_links":{"self":[{"href":"https:\/\/nfg24.de\/w_press\/wp-json\/wp\/v2\/pages\/4","targetHints":{"allow":["GET"]}}],"collection":[{"href":"https:\/\/nfg24.de\/w_press\/wp-json\/wp\/v2\/pages"}],"about":[{"href":"https:\/\/nfg24.de\/w_press\/wp-json\/wp\/v2\/types\/page"}],"author":[{"embeddable":true,"href":"https:\/\/nfg24.de\/w_press\/wp-json\/wp\/v2\/users\/1"}],"replies":[{"embeddable":true,"href":"https:\/\/nfg24.de\/w_press\/wp-json\/wp\/v2\/comments?post=4"}],"version-history":[{"count":6,"href":"https:\/\/nfg24.de\/w_press\/wp-json\/wp\/v2\/pages\/4\/revisions"}],"predecessor-version":[{"id":3804,"href":"https:\/\/nfg24.de\/w_press\/wp-json\/wp\/v2\/pages\/4\/revisions\/3804"}],"wp:featuredmedia":[{"embeddable":true,"href":"https:\/\/nfg24.de\/w_press\/wp-json\/wp\/v2\/media\/1086"}],"wp:attachment":[{"href":"https:\/\/nfg24.de\/w_press\/wp-json\/wp\/v2\/media?parent=4"}],"curies":[{"name":"wp","href":"https:\/\/api.w.org\/{rel}","templated":true}]}}