{"id":29,"date":"2016-10-20T11:53:03","date_gmt":"2016-10-20T09:53:03","guid":{"rendered":"http:\/\/nfg24.de\/w_press\/?page_id=29"},"modified":"2025-11-24T13:06:26","modified_gmt":"2025-11-24T12:06:26","slug":"service","status":"publish","type":"page","link":"https:\/\/nfg24.de\/w_press\/service\/","title":{"rendered":"Planungsdokumente und Formulare"},"content":{"rendered":"\n<h3 class=\"wp-block-heading\"><strong>\u00dcbersicht aktueller Formulare (zum Download oder Ausdrucken f\u00fcr Zuhause)<\/strong><\/h3>\n\n\n\n<p class=\"has-medium-font-size\"><strong>Allgemeine Informationen<\/strong><\/p>\n\n\n\n<ul class=\"wp-block-list\">\n<li><a href=\"https:\/\/nfg24.de\/w_press\/wp-content\/uploads\/2025\/05\/1.-Hausordnung-der-neuen-friedlaender-gesamtschule-2024-25-NEU.pdf\" target=\"_blank\" rel=\"noreferrer noopener\">Hausordnung (Stand: Schuljahr 2024\/2025)<\/a><\/li>\n\n\n\n<li><a href=\"https:\/\/nfg24.de\/w_press\/wp-content\/uploads\/2025\/10\/0f4d0ad9-e84e-40f6-a478-9a1bfc65380e.pdf\">Organigram der nfg (Stand: Okt. 2025)<\/a><\/li>\n\n\n\n<li><a href=\"https:\/\/nfg24.de\/w_press\/wp-content\/uploads\/2025\/05\/2.-Haftungsausschuss-fuer-Wertgegenstaende.pdf\" target=\"_blank\" rel=\"noreferrer noopener\">Haftungsausschluss f\u00fcr Wertgegenst\u00e4nde<\/a><\/li>\n\n\n\n<li><a href=\"https:\/\/nfg24.de\/w_press\/wp-content\/uploads\/2025\/05\/3.-Informationen-zu-Datenerhebung-und-verarbeitung-SIP.pdf\" target=\"_blank\" rel=\"noreferrer noopener\">Informationen zu Datenerhebung und -verarbeitung SIP<\/a><\/li>\n\n\n\n<li><a href=\"https:\/\/nfg24.de\/w_press\/wp-content\/uploads\/2025\/05\/4.-Belehrung-zum-Infektionsschutzgesetz.pdf\" target=\"_blank\" rel=\"noreferrer noopener\">Belehrung zum Infektionsschutzgesetz<\/a><\/li>\n\n\n\n<li><a href=\"https:\/\/nfg24.de\/w_press\/wp-content\/uploads\/2025\/05\/5.-Belehrung-durch-die-MVVG.pdf\" target=\"_blank\" rel=\"noreferrer noopener\">Belehrung durch die MVVG<\/a><\/li>\n\n\n\n<li><a href=\"https:\/\/nfg24.de\/w_press\/wp-content\/uploads\/2025\/05\/6.-Belehrung-zu-Sicherheitsbestimmungen-im-Sportunterricht.pdf\" data-type=\"page\" data-id=\"5844\" target=\"_blank\" rel=\"noreferrer noopener\">Belehrung zu Sicherheitsbestimmungen im Sportunterricht<\/a><\/li>\n<\/ul>\n\n\n\n<p><strong>Allgemeine Antr\u00e4ge\/Formulare<\/strong><\/p>\n\n\n\n<ul class=\"wp-block-list\">\n<li><a href=\"https:\/\/nfg24.de\/w_press\/wp-content\/uploads\/2025\/11\/74d7848e-1e70-446a-9b81-2e8448c5d5f4.pdf\" data-type=\"link\" data-id=\"https:\/\/nfg24.de\/w_press\/wp-content\/uploads\/2025\/11\/74d7848e-1e70-446a-9b81-2e8448c5d5f4.pdf\" target=\"_blank\" rel=\"noreferrer noopener\">Antrag auf Freistellung vom Unterricht<\/a><\/li>\n\n\n\n<li><a href=\"https:\/\/nfg24.de\/w_press\/wp-content\/uploads\/2025\/10\/Schulabmeldung-Laufzettel_Stand20251006.pdf\" target=\"_blank\" rel=\"noreferrer noopener\">Schulabmeldung Laufzettel<\/a><\/li>\n<\/ul>\n\n\n\n<p class=\"has-medium-font-size\"><strong>Dokumente zum Schuljahr 2025\/2026<\/strong><\/p>\n\n\n\n<ul class=\"wp-block-list\">\n<li><a href=\"https:\/\/nfg24.de\/w_press\/wp-content\/uploads\/2025\/06\/Praktikumsplan-nfg-Schuljahr-2025_26_bestaetigt_Korrektur.pdf\" target=\"_blank\" rel=\"noreferrer noopener\">Praktikumsplan Klasse 9 und 10<\/a><\/li>\n\n\n\n<li><a href=\"https:\/\/nfg24.de\/w_press\/wp-content\/uploads\/2025\/01\/Anmeldung_nfg_Jahrgangsstufe-7_2025_26.pdf\" target=\"_blank\" rel=\"noreferrer noopener\">Anmeldung Jahrgangsstufe 7<\/a><\/li>\n\n\n\n<li><a href=\"https:\/\/nfg24.de\/w_press\/wp-content\/uploads\/2025\/09\/0.-Informationsblatt-Neuaufnahme-Klasse-5-7-inkl.-Wahl-Religion.pdf\" target=\"_blank\" rel=\"noreferrer noopener\">Dateninformationsblatt Neuanmeldung Klasse 5 und 7<\/a><\/li>\n<\/ul>\n\n\n\n<p><\/p>\n\n\n\n<p>Wir bieten unseren Sch\u00fcler:innen sowie allen Eltern und Erziehungsberechtigten in diesem Bereich au\u00dferdem Zugriff auf folgende Planungsdokumente:<\/p>\n\n\n\n<h3 class=\"wp-block-heading\"><strong>Terminpl\u00e4ne<\/strong><\/h3>\n\n\n\n<ul class=\"wp-block-list\">\n<li><a href=\"http:\/\/www.t1p.de\/nfgplan\" target=\"_blank\" rel=\"noopener noreferrer\">aktuelle Vertretungspl\u00e4ne<\/a><\/li>\n<\/ul>\n\n\n\n<p class=\"has-small-font-size\"><strong>Hinweis:<\/strong> Die Zugangsdaten erhalten die Sch\u00fcler:innen \u00fcber die jeweiligen Klassenleitungen. F\u00fcr mobile Ger\u00e4te steht auch die App VpMobil24 im AppStore bzw. PlayStore zur Verf\u00fcgung.<\/p>\n\n\n\n<ul class=\"wp-block-list\">\n<li><a href=\"https:\/\/nfgcloud.schulen-mse.de\/index.php\/apps\/calendar\/p\/9X3oZni4BDyBPiFT\" target=\"_blank\" rel=\"noopener noreferrer\">Ferientermine<\/a><\/li>\n\n\n\n<li><a href=\"https:\/\/nfgcloud.schulen-mse.de\/index.php\/apps\/calendar\/p\/RLF2EZLgWssn4PMy\" target=\"_blank\" rel=\"noopener noreferrer\">\u00f6ffentliche Termine an der nfg<\/a><\/li>\n\n\n\n<li><a href=\"https:\/\/nfgcloud.schulen-mse.de\/index.php\/apps\/calendar\/p\/bHxjrAAo5cLdjTBP\" target=\"_blank\" rel=\"noopener noreferrer\">Klausuren<\/a><\/li>\n\n\n\n<li><a href=\"https:\/\/nfgcloud.schulen-mse.de\/index.php\/apps\/calendar\/p\/y95yFGEmgEisr5MW\" target=\"_blank\" rel=\"noopener noreferrer\">Pr\u00fcfungen<\/a><\/li>\n<\/ul>\n\n\n\n<p class=\"has-small-font-size\"><strong>Hinweis: <\/strong>Der Terminplan der Schule wird aktuell nur in der schulinternen Cloud verwaltet. Die Termine k\u00f6nnen auch in iOS oder Android-Ger\u00e4te importiert werden. Damit lassen sie sich auch unabh\u00e4ngig&nbsp;von dieser Seite anzeigen. F\u00fcr alle Nutzer ohne Cloudzugang arbeiten wir an einer L\u00f6sung, um alle Termine in einer Ansicht zusammen zu fassen.<\/p>\n\n\n\n<p><\/p>\n\n\n\n<hr class=\"wp-block-separator has-alpha-channel-opacity\"\/>\n\n\n\n<h2 class=\"wp-block-heading\">Lehrkr\u00e4ftebereiche<\/h2>\n\n\n\n<ul class=\"wp-block-list\">\n<li>Aktuelle Stundenpl\u00e4ne: <a href=\"http:\/\/www.nfg24.de\/planung\/lehrer\/plaene\/Lehrer\/iiplanlauswahl.xml\" target=\"_blank\" rel=\"noreferrer noopener\">Lehrer<\/a> , <a href=\"http:\/\/www.nfg24.de\/planung\/lehrer\/plaene\/Klassen\/iiplankauswahl.xml\" target=\"_blank\" rel=\"noreferrer noopener\">Klassen<\/a> , <a href=\"http:\/\/www.nfg24.de\/planung\/lehrer\/plaene\/Raeume\/iiplanrauswahl.xml\" target=\"_blank\" rel=\"noreferrer noopener\">R\u00e4ume<\/a><\/li>\n<\/ul>\n\n\n\n<ul class=\"wp-block-list\">\n<li>Vertretungsplan: <a href=\"http:\/\/www.t1p.de\/nfgplan\" target=\"_blank\" rel=\"noreferrer noopener\">Lehrkr\u00e4fteansicht<\/a><\/li>\n<\/ul>\n\n\n\n<ul class=\"wp-block-list\">\n<li><a href=\"http:\/\/www.nfg24.de\/planung\/lehrer\/terminanzeige.html\" target=\"_blank\" rel=\"noreferrer noopener\">interner Terminplan<\/a><\/li>\n<\/ul>\n\n\n\n<ul class=\"wp-block-list\">\n<li><a href=\"https:\/\/nfg.fuxnoten.schule\" target=\"_blank\" rel=\"noreferrer noopener\">Noteneintrag<\/a><\/li>\n<\/ul>\n\n\n\n<h3 class=\"wp-block-heading has-medium-font-size\">Cloudzugriff<\/h3>\n\n\n\n<p>Jede:r Lehrkraft hat Zugriff auf <a href=\"https:\/\/mv.itslearning.com\/\" target=\"_blank\" rel=\"noreferrer noopener\">itslearning<\/a> (bzw. die <a href=\"https:\/\/nfgcloud.schulen-mse.de\" target=\"_blank\" rel=\"noreferrer noopener\">Schulcloud<\/a>&nbsp;der nfg)&nbsp;zur Speicherung eigener Dokumente f\u00fcr den Unterricht &nbsp;bzw. f\u00fcr den Zugriff auf Dokumente der Fachkonferenzen \/ Jahrgangsteams.<\/p>\n","protected":false},"excerpt":{"rendered":"<p>\u00dcbersicht aktueller Formulare (zum Download oder Ausdrucken f\u00fcr Zuhause) Allgemeine Informationen Allgemeine Antr\u00e4ge\/Formulare Dokumente zum Schuljahr 2025\/2026 Wir bieten unseren Sch\u00fcler:innen sowie allen Eltern und Erziehungsberechtigten in diesem Bereich au\u00dferdem Zugriff auf folgende Planungsdokumente: Terminpl\u00e4ne &hellip; <a href=\"https:\/\/nfg24.de\/w_press\/service\/\">Weiterlesen<\/a><\/p>\n","protected":false},"author":1,"featured_media":0,"parent":0,"menu_order":0,"comment_status":"closed","ping_status":"closed","template":"fullwidth.php","meta":{"footnotes":""},"class_list":["post-29","page","type-page","status-publish","hentry"],"_links":{"self":[{"href":"https:\/\/nfg24.de\/w_press\/wp-json\/wp\/v2\/pages\/29","targetHints":{"allow":["GET"]}}],"collection":[{"href":"https:\/\/nfg24.de\/w_press\/wp-json\/wp\/v2\/pages"}],"about":[{"href":"https:\/\/nfg24.de\/w_press\/wp-json\/wp\/v2\/types\/page"}],"author":[{"embeddable":true,"href":"https:\/\/nfg24.de\/w_press\/wp-json\/wp\/v2\/users\/1"}],"replies":[{"embeddable":true,"href":"https:\/\/nfg24.de\/w_press\/wp-json\/wp\/v2\/comments?post=29"}],"version-history":[{"count":41,"href":"https:\/\/nfg24.de\/w_press\/wp-json\/wp\/v2\/pages\/29\/revisions"}],"predecessor-version":[{"id":7164,"href":"https:\/\/nfg24.de\/w_press\/wp-json\/wp\/v2\/pages\/29\/revisions\/7164"}],"wp:attachment":[{"href":"https:\/\/nfg24.de\/w_press\/wp-json\/wp\/v2\/media?parent=29"}],"curies":[{"name":"wp","href":"https:\/\/api.w.org\/{rel}","templated":true}]}}