{"id":18,"date":"2016-10-20T00:47:34","date_gmt":"2016-10-19T22:47:34","guid":{"rendered":"http:\/\/nfg24.de\/w_press\/?page_id=18"},"modified":"2019-12-26T21:03:37","modified_gmt":"2019-12-26T20:03:37","slug":"wettbewerbe","status":"publish","type":"page","link":"https:\/\/nfg24.de\/w_press\/schulleben\/wettbewerbe\/","title":{"rendered":"Wettbewerbe"},"content":{"rendered":"<p style=\"text-align: justify;\">Sch\u00fcler unserer Schule nehmen in verschiedenen Bereichen an schulinternen, regionalen und \u00fcberregionalen Wettbewerben teil. \u00dcber besondere Leistungen wird im Schuljahr auf dieser Seite informiert.<\/p>\n<div id=\"attachment_108\" style=\"width: 260px\" class=\"wp-caption alignleft\"><a href=\"http:\/\/nfg24.de\/w_press\/europaeischer-wettbewerb\/\"><img loading=\"lazy\" decoding=\"async\" aria-describedby=\"caption-attachment-108\" class=\"wp-image-108\" src=\"http:\/\/nfg24.de\/w_press\/wp-content\/uploads\/2017\/01\/ew10-link-300x300.jpg\" alt=\"ew10-link\" width=\"250\" height=\"250\" \/><\/a><p id=\"caption-attachment-108\" class=\"wp-caption-text\">Der Europ\u00e4ische Wettbewerb<br \/> ist der \u00e4lteste Sch\u00fclerwettbewerb der Bundesrepublik Deutschland und feierte 2013 sein 60. Jubil\u00e4um. Die Themen wechseln j\u00e4hrlich. Wenn unsere Sch\u00fclerInnen sich dazu ihre Bilder (Plakate, Texte, Filme\u2026) machen, setzen sie Gedanken um <a href=\"http:\/\/nfg24.de\/w_press\/wettbewerbe\/europaeischer-wettbewerb\/\">weiterlesen<\/a><\/p><\/div>\n<div id=\"attachment_146\" style=\"width: 260px\" class=\"wp-caption alignleft\"><a href=\"http:\/\/nfg24.de\/w_press\/?page_id=691&amp;preview=true\"><img loading=\"lazy\" decoding=\"async\" aria-describedby=\"caption-attachment-146\" class=\"wp-image-146\" src=\"http:\/\/nfg24.de\/w_press\/wp-content\/uploads\/2016\/10\/meisterAK-e1491416323325.jpg\" alt=\"meisterAK\" width=\"250\" height=\"250\" srcset=\"https:\/\/nfg24.de\/w_press\/wp-content\/uploads\/2016\/10\/meisterAK-e1491416323325.jpg 250w, https:\/\/nfg24.de\/w_press\/wp-content\/uploads\/2016\/10\/meisterAK-e1491416323325-85x85.jpg 85w\" sizes=\"auto, (max-width: 250px) 100vw, 250px\" \/><\/a><p id=\"caption-attachment-146\" class=\"wp-caption-text\">Meister aller Klassen<br \/> &#8211; ein nicht ganz allt\u00e4gliches Volleyballturnier f\u00fcr Quadro Teams. Pro Jahrgang bekommt das j\u00fcngere Team zu Beginn des Spiels 2 Punkte gutgeschrieben. Gespielt wird bis 15 Punkte, das Schmettern und Aufschlag <a href=\"http:\/\/nfg24.de\/w_press\/meister-aller-klassen\/\">weiterlesen<\/a><\/p><\/div>\n<div id=\"attachment_1130\" style=\"width: 260px\" class=\"wp-caption alignleft\"><a href=\"http:\/\/nfg24.de\/w_press\/wettbewerbe\/kaenguru-der-mathematik\/\"><img loading=\"lazy\" decoding=\"async\" aria-describedby=\"caption-attachment-1130\" class=\"wp-image-1130 size-full\" src=\"http:\/\/nfg24.de\/w_press\/wp-content\/uploads\/2016\/10\/kanguru-00.jpg\" alt=\"\" width=\"250\" height=\"250\" srcset=\"https:\/\/nfg24.de\/w_press\/wp-content\/uploads\/2016\/10\/kanguru-00.jpg 250w, https:\/\/nfg24.de\/w_press\/wp-content\/uploads\/2016\/10\/kanguru-00-100x100.jpg 100w\" sizes=\"auto, (max-width: 250px) 100vw, 250px\" \/><\/a><p id=\"caption-attachment-1130\" class=\"wp-caption-text\">K\u00e4nguru der Mathematik<br \/> \u2013 dieser internationale Mathematik-Wettbewerb ist seit 2007 ein fester Bestandteil unseres Schulalltags. In diesem Jahr haben mehr als 900 000 Sch\u00fcler deutschlandweit an diesem Wettstreit teilgenommen. Am 17. M\u00e4rz knobelten <a href=\"http:\/\/nfg24.de\/w_press\/wettbewerbe\/kaenguru-der-mathematik\/\">weiterlesen<\/a><\/p><\/div>\n<div id=\"attachment_801\" style=\"width: 260px\" class=\"wp-caption alignleft\"><a href=\"http:\/\/nfg24.de\/w_press\/wettbewerbe\/nordmetall-roboterwettbewerb\/\"><img loading=\"lazy\" decoding=\"async\" aria-describedby=\"caption-attachment-801\" class=\"wp-image-801 size-full\" src=\"http:\/\/nfg24.de\/w_press\/wp-content\/uploads\/2016\/10\/hasenwinkel-0.jpg\" alt=\"\" width=\"250\" height=\"250\" srcset=\"https:\/\/nfg24.de\/w_press\/wp-content\/uploads\/2016\/10\/hasenwinkel-0.jpg 250w, https:\/\/nfg24.de\/w_press\/wp-content\/uploads\/2016\/10\/hasenwinkel-0-100x100.jpg 100w\" sizes=\"auto, (max-width: 250px) 100vw, 250px\" \/><\/a><p id=\"caption-attachment-801\" class=\"wp-caption-text\">Nordmetall-Roboterwettbewerb<br \/> Die Aufgabe in diesem Wettbewerb besteht darin einen Roboter zu bauen und zu programmieren, der eine Aufgabe autonom l\u00f6sen kann. Seit mehreren Jahren nehmen Sch\u00fcler unserer Schule an diesem Wettbewerb teil. <a href=\"http:\/\/nfg24.de\/w_press\/wettbewerbe\/nordmetall-roboterwettbewerb\/\">weiterlesen<\/a><\/p><\/div>\n<div id=\"attachment_976\" style=\"width: 260px\" class=\"wp-caption alignleft\"><a href=\"http:\/\/nfg24.de\/w_press\/wettbewerbe\/drachenbootschulmeisterschaft\/\"><img loading=\"lazy\" decoding=\"async\" aria-describedby=\"caption-attachment-976\" class=\"wp-image-976 size-full\" src=\"http:\/\/nfg24.de\/w_press\/wp-content\/uploads\/2016\/10\/drachen-0-1.jpg\" alt=\"\" width=\"250\" height=\"250\" srcset=\"https:\/\/nfg24.de\/w_press\/wp-content\/uploads\/2016\/10\/drachen-0-1.jpg 250w, https:\/\/nfg24.de\/w_press\/wp-content\/uploads\/2016\/10\/drachen-0-1-100x100.jpg 100w\" sizes=\"auto, (max-width: 250px) 100vw, 250px\" \/><\/a><p id=\"caption-attachment-976\" class=\"wp-caption-text\">Drachenbootschulmeisterschaft<br \/>Unsere Schule beteilgte sich 2009 erstmals an den Schulmeisterschaften im Drachenbootrennen. Die Wettk\u00e4mpfe finden j\u00e4hlich innerhalb der Neubrandenburger Wassersportspiel auf dem Reitbahnsee statt. Zun\u00e4chst starteten wir <a href=\"http:\/\/nfg24.de\/w_press\/wettbewerbe\/drachenbootschulmeisterschaft\/\">weiterlesen<\/a><\/p><\/div>\n<div id=\"attachment_981\" style=\"width: 260px\" class=\"wp-caption alignleft\"><a href=\"http:\/\/nfg24.de\/w_press\/wettbewerbe\/physikwettbewerb\/\"><img loading=\"lazy\" decoding=\"async\" aria-describedby=\"caption-attachment-981\" class=\"wp-image-981 size-full\" src=\"http:\/\/nfg24.de\/w_press\/wp-content\/uploads\/2016\/10\/physik-0.jpg\" alt=\"\" width=\"250\" height=\"250\" srcset=\"https:\/\/nfg24.de\/w_press\/wp-content\/uploads\/2016\/10\/physik-0.jpg 250w, https:\/\/nfg24.de\/w_press\/wp-content\/uploads\/2016\/10\/physik-0-100x100.jpg 100w\" sizes=\"auto, (max-width: 250px) 100vw, 250px\" \/><\/a><p id=\"caption-attachment-981\" class=\"wp-caption-text\">Physikwettbewerb<br \/>Zum 7. Mal fand die Physik-Olympiade der 9. Klassen statt. In diesem Jahr beteiligten sich im Rahmen des Erasmus-Projektes neben Sch\u00fclern aus unserer Partnerschule in Fr\u00fddlant nad Ostravic\u00ed auch Sch\u00fcler aus Spanien.<a href=\"http:\/\/nfg24.de\/w_press\/wettbewerbe\/physikwettbewerb\/\">weiterlesen<\/a><\/p><\/div>\n<div id=\"attachment_1504\" style=\"width: 260px\" class=\"wp-caption alignleft\"><a href=\"http:\/\/nfg24.de\/w_press\/?page_id=1506&amp;preview=true\"><img loading=\"lazy\" decoding=\"async\" aria-describedby=\"caption-attachment-1504\" class=\"wp-image-1504 size-full\" src=\"http:\/\/nfg24.de\/w_press\/wp-content\/uploads\/2016\/10\/rechenaffe.jpg\" alt=\"\" width=\"250\" height=\"250\" \/><\/a><p id=\"caption-attachment-1504\" class=\"wp-caption-text\">Mathematikolympiade<br \/>Jedes Jahr im September findet in allen Schulen unseres Landkreises die Mathematik-Olympiade statt. Im Schuljahr 2019\/2020 haben sich 65 Sch\u00fclerinnen und Sch\u00fcler unserer Schule aus den Klassenstufen 5 bis 10 daran beteiligt. <a href=\"http:\/\/nfg24.de\/w_press\/?page_id=1506&amp;preview=true\">weiterlesen<\/a><\/p><\/div>\n<div id=\"attachment_1381\" style=\"width: 260px\" class=\"wp-caption alignleft\"><a href=\"http:\/\/nfg24.de\/w_press\/wettbewerbe\/rezitatorenwettbewerb\/\"><img loading=\"lazy\" decoding=\"async\" aria-describedby=\"caption-attachment-1381\" class=\"wp-image-1381 size-full\" src=\"http:\/\/nfg24.de\/w_press\/wp-content\/uploads\/2016\/10\/rezi0.jpg\" alt=\"\" width=\"250\" height=\"250\" srcset=\"https:\/\/nfg24.de\/w_press\/wp-content\/uploads\/2016\/10\/rezi0.jpg 250w, https:\/\/nfg24.de\/w_press\/wp-content\/uploads\/2016\/10\/rezi0-100x100.jpg 100w\" sizes=\"auto, (max-width: 250px) 100vw, 250px\" \/><\/a><p id=\"caption-attachment-1381\" class=\"wp-caption-text\">Rezitatorenausscheid<br \/> In bew\u00e4hrter Tradition fand am 22. Januar 2018 unser Rezitatorenausscheid an der nfg statt. Trotz Ausfalls einiger Busse war die Teilnehmerzahl gesichert und es konnten so einigen Vortr\u00e4gen gelauscht werden <a href=\"http:\/\/nfg24.de\/w_press\/wettbewerbe\/rezitatorenwettbewerb\/\">weiterlesen<\/a><\/p><\/div>\n<div id=\"attachment_1538\" style=\"width: 260px\" class=\"wp-caption alignleft\"><a href=\"http:\/\/nfg24.de\/w_press\/?page_id=1535&amp;preview=true\"><img loading=\"lazy\" decoding=\"async\" aria-describedby=\"caption-attachment-1538\" class=\"wp-image-1538 size-full\" src=\"http:\/\/nfg24.de\/w_press\/wp-content\/uploads\/2018\/02\/abscup17-0.jpg\" alt=\"\" width=\"250\" height=\"250\" srcset=\"https:\/\/nfg24.de\/w_press\/wp-content\/uploads\/2018\/02\/abscup17-0.jpg 250w, https:\/\/nfg24.de\/w_press\/wp-content\/uploads\/2018\/02\/abscup17-0-100x100.jpg 100w\" sizes=\"auto, (max-width: 250px) 100vw, 250px\" \/><\/a><p id=\"caption-attachment-1538\" class=\"wp-caption-text\">Absolventencup<br \/>W\u00e4hrend so mancher noch schnell Weihnachtsgeschenke besorgte oder den traditionellen Kartoffelsalat zubereitete, trafen sich am Samstag, 23.12.17 wieder Absolventen unserer Schule, um am vorweihnachtlichen Fu\u00dfballturnier <a href=\"http:\/\/nfg24.de\/w_press\/?page_id=1535&amp;preview=true\">weiterlesen<\/a><\/p><\/div>\n","protected":false},"excerpt":{"rendered":"<p>Sch\u00fcler unserer Schule nehmen in verschiedenen Bereichen an schulinternen, regionalen und \u00fcberregionalen Wettbewerben teil. \u00dcber besondere Leistungen wird im Schuljahr auf dieser Seite informiert.<\/p>\n","protected":false},"author":1,"featured_media":1079,"parent":11,"menu_order":3,"comment_status":"closed","ping_status":"closed","template":"fullwidth.php","meta":{"footnotes":""},"class_list":["post-18","page","type-page","status-publish","has-post-thumbnail","hentry"],"_links":{"self":[{"href":"https:\/\/nfg24.de\/w_press\/wp-json\/wp\/v2\/pages\/18","targetHints":{"allow":["GET"]}}],"collection":[{"href":"https:\/\/nfg24.de\/w_press\/wp-json\/wp\/v2\/pages"}],"about":[{"href":"https:\/\/nfg24.de\/w_press\/wp-json\/wp\/v2\/types\/page"}],"author":[{"embeddable":true,"href":"https:\/\/nfg24.de\/w_press\/wp-json\/wp\/v2\/users\/1"}],"replies":[{"embeddable":true,"href":"https:\/\/nfg24.de\/w_press\/wp-json\/wp\/v2\/comments?post=18"}],"version-history":[{"count":62,"href":"https:\/\/nfg24.de\/w_press\/wp-json\/wp\/v2\/pages\/18\/revisions"}],"predecessor-version":[{"id":3048,"href":"https:\/\/nfg24.de\/w_press\/wp-json\/wp\/v2\/pages\/18\/revisions\/3048"}],"up":[{"embeddable":true,"href":"https:\/\/nfg24.de\/w_press\/wp-json\/wp\/v2\/pages\/11"}],"wp:featuredmedia":[{"embeddable":true,"href":"https:\/\/nfg24.de\/w_press\/wp-json\/wp\/v2\/media\/1079"}],"wp:attachment":[{"href":"https:\/\/nfg24.de\/w_press\/wp-json\/wp\/v2\/media?parent=18"}],"curies":[{"name":"wp","href":"https:\/\/api.w.org\/{rel}","templated":true}]}}