{"id":1535,"date":"2018-02-27T12:58:01","date_gmt":"2018-02-27T11:58:01","guid":{"rendered":"http:\/\/nfg24.de\/w_press\/?page_id=1535"},"modified":"2018-02-27T17:24:43","modified_gmt":"2018-02-27T16:24:43","slug":"absolventencup","status":"publish","type":"page","link":"https:\/\/nfg24.de\/w_press\/schulleben\/wettbewerbe\/absolventencup\/","title":{"rendered":"Absolventencup"},"content":{"rendered":"<p>W\u00e4hrend so mancher noch schnell Weihnachtsgeschenke besorgte oder den traditionellen Kartoffelsalat zubereitete, trafen sich am Samstag, 23.12.17 wieder Absolventen unserer Schule, um am vorweihnachtlichen Fu\u00dfballturnier teilzunehmen. Es war die 19. Auflage des Absolventencups bei dem diesmal acht Teams um den Sieg k\u00e4mpften. Die \u00c4ltesten legten vor 14 Jahren ihr Abitur ab und f\u00fcr das j\u00fcngste teilnehmende Team geht es 2018 erst noch in die Abiturpr\u00fcfungen. Zur Freude vieler Zuschauer gab es spannende Spiele, knappe Entscheidungen, einen schmackhaften Imbiss, f\u00fcr den die Zw\u00f6lftkl\u00e4ssler sorgten und so manche Neuigkeit aus dem Berufs- und Familienleben zu erz\u00e4hlen&#8230; Sieger 2017 ist das Team des Abiturjahrganges 2016, gefolgt vom Team 2003. Platz 3 errangen die Abiturienten des Jahres 2017.<br \/>\nF\u00fcr den n\u00e4chsten Cup am Samstag, 22.12.18 (Spielbeginn um 15.00 Uhr) sind bereits jetzt alle herzlich eingeladen sich anzumelden unter <a href=\"https:\/\/friedlaender.absolventencup.de\/\">www.absolventencup.de<\/a>.<\/p>\n<div id=\"metaslider-id-1537\" style=\"max-width: 800px; margin: 0 auto;\" class=\"ml-slider-3-108-0 metaslider metaslider-flex metaslider-1537 ml-slider has-dots-nav ms-theme-default\" role=\"region\" aria-label=\"absolventencup\" data-height=\"600\" data-width=\"800\">\n    <div id=\"metaslider_container_1537\">\n        <div id=\"metaslider_1537\" class=\"flexslider\">\n            <ul class='slides'>\n                <li style=\"display: block; width: 100%;\" class=\"slide-1545 ms-image \" aria-roledescription=\"slide\" data-date=\"2018-02-27 12:47:23\" data-filename=\"abscup17-1.jpg\" data-slide-type=\"image\"><img loading=\"lazy\" decoding=\"async\" src=\"https:\/\/nfg24.de\/w_press\/wp-content\/uploads\/2018\/02\/abscup17-1.jpg\" height=\"600\" width=\"800\" alt=\"\" class=\"slider-1537 slide-1545 msDefaultImage\" \/><\/li>\n                <li style=\"display: none; width: 100%;\" class=\"slide-1546 ms-image \" aria-roledescription=\"slide\" data-date=\"2018-02-27 12:47:23\" data-filename=\"abscup17-2.jpg\" data-slide-type=\"image\"><img loading=\"lazy\" decoding=\"async\" src=\"https:\/\/nfg24.de\/w_press\/wp-content\/uploads\/2018\/02\/abscup17-2.jpg\" height=\"600\" width=\"800\" alt=\"\" class=\"slider-1537 slide-1546 msDefaultImage\" \/><\/li>\n                <li style=\"display: none; width: 100%;\" class=\"slide-1547 ms-image \" aria-roledescription=\"slide\" data-date=\"2018-02-27 12:47:23\" data-filename=\"abscup17-3.jpg\" data-slide-type=\"image\"><img loading=\"lazy\" decoding=\"async\" src=\"https:\/\/nfg24.de\/w_press\/wp-content\/uploads\/2018\/02\/abscup17-3.jpg\" height=\"600\" width=\"800\" alt=\"\" class=\"slider-1537 slide-1547 msDefaultImage\" \/><\/li>\n                <li style=\"display: none; width: 100%;\" class=\"slide-1548 ms-image \" aria-roledescription=\"slide\" data-date=\"2018-02-27 12:47:23\" data-filename=\"abscup17-4.jpg\" data-slide-type=\"image\"><img loading=\"lazy\" decoding=\"async\" src=\"https:\/\/nfg24.de\/w_press\/wp-content\/uploads\/2018\/02\/abscup17-4.jpg\" height=\"600\" width=\"800\" alt=\"\" class=\"slider-1537 slide-1548 msDefaultImage\" \/><\/li>\n                <li style=\"display: none; width: 100%;\" class=\"slide-1549 ms-image \" aria-roledescription=\"slide\" data-date=\"2018-02-27 12:47:23\" data-filename=\"abscup17-5.jpg\" data-slide-type=\"image\"><img loading=\"lazy\" decoding=\"async\" src=\"https:\/\/nfg24.de\/w_press\/wp-content\/uploads\/2018\/02\/abscup17-5.jpg\" height=\"600\" width=\"800\" alt=\"\" class=\"slider-1537 slide-1549 msDefaultImage\" \/><\/li>\n            <\/ul>\n        <\/div>\n        \n    <\/div>\n<\/div>\n<p>Seit 1999 treffen sich immer am letzten Samstag vor Weihnachten die Absolventen der nfg zum traditionellen Fu\u00dfballturnier und f\u00fcr viele geh\u00f6rt der Termin so selbstverst\u00e4ndlich in den Terminkalender, wie der Feiertagsbesuch bei den Eltern. Nachhausekommen hei\u00dft eben nicht nur Zeit mit der Familie verbringen, sondern auch alte Kumpels treffen, mit denen man die Schulbank und so manche Erlebnisse teilte.<\/p>\n<p>Die bisherigen Sieger:<br \/>\n1999 &#8211; Sieger Jahrgang 1996<br \/>\n2000 &#8211; Sieger Jahrgang 2002<br \/>\n2001 &#8211; Sieger Jahrgang 2003<br \/>\n2002 &#8211; Sieger Jahrgang 1998<br \/>\n2003 &#8211; Sieger Jahrgang 2003<br \/>\n2004 &#8211; Sieger Jahrgang 2003<br \/>\n2005 &#8211; Sieger Jahrgang 2005<br \/>\n2006 &#8211; Sieger Jahrgang 2006<br \/>\n2007 &#8211; Sieger Jahrgang 2008<br \/>\n2008 &#8211; Sieger Jahrgang 2003<br \/>\n2009 &#8211; Sieger Jahrgang 2006<br \/>\n2010 &#8211; Sieger Jahrgang 1998<br \/>\n2011 &#8211; Sieger Jahrgang 2003<br \/>\n2012 &#8211; Sieger Jahrgang 2010<br \/>\n2013 &#8211; Sieger Jahrgang 2013<br \/>\n2014 &#8211; Sieger Jahrgang 2003<br \/>\n2015 &#8211; Sieger Jahrgang 2016<br \/>\n2016 &#8211; Sieger Jahrgang 2003\/2004<br \/>\n2017 &#8211; Sieger Jahrgang 2016<\/p>\n","protected":false},"excerpt":{"rendered":"<p>W\u00e4hrend so mancher noch schnell Weihnachtsgeschenke besorgte oder den traditionellen Kartoffelsalat zubereitete, trafen sich am Samstag, 23.12.17 wieder Absolventen unserer Schule, um am vorweihnachtlichen Fu\u00dfballturnier teilzunehmen. Es war die 19. Auflage des Absolventencups bei dem &hellip; <a href=\"https:\/\/nfg24.de\/w_press\/schulleben\/wettbewerbe\/absolventencup\/\">Weiterlesen<\/a><\/p>\n","protected":false},"author":1,"featured_media":0,"parent":18,"menu_order":0,"comment_status":"closed","ping_status":"closed","template":"fullwidth.php","meta":{"footnotes":""},"class_list":["post-1535","page","type-page","status-publish","hentry"],"_links":{"self":[{"href":"https:\/\/nfg24.de\/w_press\/wp-json\/wp\/v2\/pages\/1535","targetHints":{"allow":["GET"]}}],"collection":[{"href":"https:\/\/nfg24.de\/w_press\/wp-json\/wp\/v2\/pages"}],"about":[{"href":"https:\/\/nfg24.de\/w_press\/wp-json\/wp\/v2\/types\/page"}],"author":[{"embeddable":true,"href":"https:\/\/nfg24.de\/w_press\/wp-json\/wp\/v2\/users\/1"}],"replies":[{"embeddable":true,"href":"https:\/\/nfg24.de\/w_press\/wp-json\/wp\/v2\/comments?post=1535"}],"version-history":[{"count":5,"href":"https:\/\/nfg24.de\/w_press\/wp-json\/wp\/v2\/pages\/1535\/revisions"}],"predecessor-version":[{"id":1554,"href":"https:\/\/nfg24.de\/w_press\/wp-json\/wp\/v2\/pages\/1535\/revisions\/1554"}],"up":[{"embeddable":true,"href":"https:\/\/nfg24.de\/w_press\/wp-json\/wp\/v2\/pages\/18"}],"wp:attachment":[{"href":"https:\/\/nfg24.de\/w_press\/wp-json\/wp\/v2\/media?parent=1535"}],"curies":[{"name":"wp","href":"https:\/\/api.w.org\/{rel}","templated":true}]}}