{"id":11,"date":"2016-10-20T00:43:42","date_gmt":"2016-10-19T22:43:42","guid":{"rendered":"http:\/\/nfg24.de\/w_press\/?page_id=11"},"modified":"2017-07-20T11:06:22","modified_gmt":"2017-07-20T09:06:22","slug":"schulleben","status":"publish","type":"page","link":"https:\/\/nfg24.de\/w_press\/schulleben\/","title":{"rendered":"Schulleben"},"content":{"rendered":"<p style=\"text-align: justify;\">Vielf\u00e4ltiges Schulleben gelingt nur im Team, es erfordert interdisziplin\u00e4re Zusammenarbeit. Daf\u00fcr haben wir an unserer Schule zwei Richtungen beschritten: die Zusammenarbeit im Inneren und mit externen Partnern. F\u00fcr projektorientiertes Arbeiten ist es zun\u00e4chst die Fachkonferenz und dann das Jahrgangsteam, in dem geplant wird. In der Sekundarstufe II, auch schon in der Einf\u00fchrungsphase in Klasse 10, erweitert sich die Zusammenarbeit oft auf die beteiligten Sch\u00fclerInnen. Hierarchien werden flacher und es entsteht oft echte Partnerschaft, die auch bis zu getauschten Rollen f\u00fchren kann. &#8222;Sch\u00fcler f\u00fcr Sch\u00fcler&#8220; sind Unterrichtssegmente, wo z.B. Sch\u00fclerInnen das Layoutprogramm Scribus oder Photoshop einf\u00fchren oder die Aufgabenstellungen und F\u00fchrungen zur griechischen Antike, die die Kunstkurse 11 f\u00fcr alle Sechstkl\u00e4ssler im Pergamonmuseum planen und realisieren.<\/p>\n","protected":false},"excerpt":{"rendered":"<p>Vielf\u00e4ltiges Schulleben gelingt nur im Team, es erfordert interdisziplin\u00e4re Zusammenarbeit. Daf\u00fcr haben wir an unserer Schule zwei Richtungen beschritten: die Zusammenarbeit im Inneren und mit externen Partnern. F\u00fcr projektorientiertes Arbeiten ist es zun\u00e4chst die Fachkonferenz &hellip; <a href=\"https:\/\/nfg24.de\/w_press\/schulleben\/\">Weiterlesen<\/a><\/p>\n","protected":false},"author":1,"featured_media":1084,"parent":0,"menu_order":0,"comment_status":"closed","ping_status":"closed","template":"fullwidth.php","meta":{"footnotes":""},"class_list":["post-11","page","type-page","status-publish","has-post-thumbnail","hentry"],"_links":{"self":[{"href":"https:\/\/nfg24.de\/w_press\/wp-json\/wp\/v2\/pages\/11","targetHints":{"allow":["GET"]}}],"collection":[{"href":"https:\/\/nfg24.de\/w_press\/wp-json\/wp\/v2\/pages"}],"about":[{"href":"https:\/\/nfg24.de\/w_press\/wp-json\/wp\/v2\/types\/page"}],"author":[{"embeddable":true,"href":"https:\/\/nfg24.de\/w_press\/wp-json\/wp\/v2\/users\/1"}],"replies":[{"embeddable":true,"href":"https:\/\/nfg24.de\/w_press\/wp-json\/wp\/v2\/comments?post=11"}],"version-history":[{"count":9,"href":"https:\/\/nfg24.de\/w_press\/wp-json\/wp\/v2\/pages\/11\/revisions"}],"predecessor-version":[{"id":3796,"href":"https:\/\/nfg24.de\/w_press\/wp-json\/wp\/v2\/pages\/11\/revisions\/3796"}],"wp:featuredmedia":[{"embeddable":true,"href":"https:\/\/nfg24.de\/w_press\/wp-json\/wp\/v2\/media\/1084"}],"wp:attachment":[{"href":"https:\/\/nfg24.de\/w_press\/wp-json\/wp\/v2\/media?parent=11"}],"curies":[{"name":"wp","href":"https:\/\/api.w.org\/{rel}","templated":true}]}}